{"id":170,"date":"2024-01-18T15:35:38","date_gmt":"2024-01-18T20:35:38","guid":{"rendered":"https:\/\/vitacopaiba.com\/?page_id=170"},"modified":"2024-01-18T15:49:04","modified_gmt":"2024-01-18T20:49:04","slug":"experiencia-kupay","status":"publish","type":"page","link":"https:\/\/vitacopaiba.com\/experiencia-kupay\/","title":{"rendered":"Experiencia Kupay"},"content":{"rendered":"\t\t<div data-elementor-type=\"wp-page\" data-elementor-id=\"170\" class=\"elementor elementor-170\">\n\t\t\t\t<div class=\"elementor-element elementor-element-6120038 e-flex e-con-boxed e-con e-parent\" data-id=\"6120038\" data-element_type=\"container\">\n\t\t\t\t\t<div class=\"e-con-inner\">\n\t\t<div class=\"elementor-element elementor-element-84a5e4a e-flex e-con-boxed e-con e-child\" data-id=\"84a5e4a\" data-element_type=\"container\">\n\t\t\t\t\t<div class=\"e-con-inner\">\n\t\t\t\t<div class=\"elementor-element elementor-element-94d1514 elementor-widget elementor-widget-heading\" data-id=\"94d1514\" data-element_type=\"widget\" data-widget_type=\"heading.default\">\n\t\t\t\t<div class=\"elementor-widget-container\">\n\t\t\t\t\t<h1 class=\"elementor-heading-title elementor-size-default\">Servicios<\/h1>\t\t\t\t<\/div>\n\t\t\t\t<\/div>\n\t\t\t\t\t<\/div>\n\t\t\t\t<\/div>\n\t\t\t\t\t<\/div>\n\t\t\t\t<\/div>\n\t\t<div class=\"elementor-element elementor-element-68c48af e-flex e-con-boxed e-con e-parent\" data-id=\"68c48af\" data-element_type=\"container\">\n\t\t\t\t\t<div class=\"e-con-inner\">\n\t\t<div class=\"elementor-element elementor-element-9e3208c e-flex e-con-boxed e-con e-child\" data-id=\"9e3208c\" data-element_type=\"container\">\n\t\t\t\t\t<div class=\"e-con-inner\">\n\t\t<div class=\"elementor-element elementor-element-5ca1c2a e-con-full e-flex e-con e-child\" data-id=\"5ca1c2a\" data-element_type=\"container\">\n\t\t\t\t<div class=\"elementor-element elementor-element-223cadc elementor-widget elementor-widget-image\" data-id=\"223cadc\" data-element_type=\"widget\" data-widget_type=\"image.default\">\n\t\t\t\t<div class=\"elementor-widget-container\">\n\t\t\t\t\t\t\t\t\t\t\t\t\t\t\t<img fetchpriority=\"high\" decoding=\"async\" width=\"625\" height=\"794\" src=\"https:\/\/vitacopaiba.com\/wp-content\/uploads\/2024\/01\/Recurso-71-1.png\" class=\"attachment-full size-full wp-image-190\" alt=\"\" srcset=\"https:\/\/vitacopaiba.com\/wp-content\/uploads\/2024\/01\/Recurso-71-1.png 625w, https:\/\/vitacopaiba.com\/wp-content\/uploads\/2024\/01\/Recurso-71-1-236x300.png 236w, https:\/\/vitacopaiba.com\/wp-content\/uploads\/2024\/01\/Recurso-71-1-600x762.png 600w\" sizes=\"(max-width: 625px) 100vw, 625px\" \/>\t\t\t\t\t\t\t\t\t\t\t\t\t\t\t<\/div>\n\t\t\t\t<\/div>\n\t\t\t\t<\/div>\n\t\t<div class=\"elementor-element elementor-element-30bf96c e-con-full e-flex e-con e-child\" data-id=\"30bf96c\" data-element_type=\"container\">\n\t\t\t\t<div class=\"elementor-element elementor-element-076c47b elementor-widget elementor-widget-text-editor\" data-id=\"076c47b\" data-element_type=\"widget\" data-widget_type=\"text-editor.default\">\n\t\t\t\t<div class=\"elementor-widget-container\">\n\t\t\t\t\t\t\t\t\t<p>Esta experiencia tur\u00edstica est\u00e1 dise\u00f1ada para conocer m\u00e1s sobre el \u00e1rbol de copaiba. Consta de una pasad\u00eda en el\u00a0campo, en la que se puede observar y conocer el \u00e1rbol, adem\u00e1s de realizar las siguientes actividades:<\/p>\t\t\t\t\t\t\t\t<\/div>\n\t\t\t\t<\/div>\n\t\t\t\t<div class=\"elementor-element elementor-element-993119d elementor-widget elementor-widget-text-editor\" data-id=\"993119d\" data-element_type=\"widget\" data-widget_type=\"text-editor.default\">\n\t\t\t\t<div class=\"elementor-widget-container\">\n\t\t\t\t\t\t\t\t\t<ul><li>Conocer la historia de la copaiba.<\/li><li>Aprender sobre los mitos y usos tradicionales.<\/li><li>Realizar caminatas ecol\u00f3gicas.<\/li><li>Disfrutar de ba\u00f1o forestal.<\/li><li>Realizar ritual de conexi\u00f3n energ\u00e9tica con el \u00e1rbol.<\/li><\/ul>\t\t\t\t\t\t\t\t<\/div>\n\t\t\t\t<\/div>\n\t\t\t\t<div class=\"elementor-element elementor-element-2f2e962 elementor-widget elementor-widget-text-editor\" data-id=\"2f2e962\" data-element_type=\"widget\" data-widget_type=\"text-editor.default\">\n\t\t\t\t<div class=\"elementor-widget-container\">\n\t\t\t\t\t\t\t\t\t<p><strong>Incluye:<\/strong><\/p>\t\t\t\t\t\t\t\t<\/div>\n\t\t\t\t<\/div>\n\t\t\t\t<div class=\"elementor-element elementor-element-24b6ecd elementor-widget elementor-widget-text-editor\" data-id=\"24b6ecd\" data-element_type=\"widget\" data-widget_type=\"text-editor.default\">\n\t\t\t\t<div class=\"elementor-widget-container\">\n\t\t\t\t\t\t\t\t\t<ul><li>Transporte<br \/>Alimentaci\u00f3n<\/li><\/ul>\t\t\t\t\t\t\t\t<\/div>\n\t\t\t\t<\/div>\n\t\t\t\t<\/div>\n\t\t\t\t\t<\/div>\n\t\t\t\t<\/div>\n\t\t\t\t\t<\/div>\n\t\t\t\t<\/div>\n\t\t\t\t<\/div>\n\t\t","protected":false},"excerpt":{"rendered":"<p>Servicios Esta experiencia tur\u00edstica est\u00e1 dise\u00f1ada para conocer m\u00e1s sobre el \u00e1rbol de copaiba. Consta de una pasad\u00eda en el\u00a0campo, en la que se puede observar y conocer el \u00e1rbol, adem\u00e1s de realizar las siguientes actividades: Conocer la historia de la copaiba. Aprender sobre los mitos y usos tradicionales. Realizar caminatas ecol\u00f3gicas. Disfrutar de ba\u00f1o [&hellip;]<\/p>\n","protected":false},"author":1,"featured_media":0,"parent":0,"menu_order":0,"comment_status":"closed","ping_status":"closed","template":"","meta":{"footnotes":""},"class_list":["post-170","page","type-page","status-publish","hentry","entry","wvn-thumbs-layout-horizontal","wvn-btn-normal","wvn-tabs-layout-horizontal","has-no-thumbnails"],"_links":{"self":[{"href":"https:\/\/vitacopaiba.com\/wp-json\/wp\/v2\/pages\/170","targetHints":{"allow":["GET"]}}],"collection":[{"href":"https:\/\/vitacopaiba.com\/wp-json\/wp\/v2\/pages"}],"about":[{"href":"https:\/\/vitacopaiba.com\/wp-json\/wp\/v2\/types\/page"}],"author":[{"embeddable":true,"href":"https:\/\/vitacopaiba.com\/wp-json\/wp\/v2\/users\/1"}],"replies":[{"embeddable":true,"href":"https:\/\/vitacopaiba.com\/wp-json\/wp\/v2\/comments?post=170"}],"version-history":[{"count":10,"href":"https:\/\/vitacopaiba.com\/wp-json\/wp\/v2\/pages\/170\/revisions"}],"predecessor-version":[{"id":196,"href":"https:\/\/vitacopaiba.com\/wp-json\/wp\/v2\/pages\/170\/revisions\/196"}],"wp:attachment":[{"href":"https:\/\/vitacopaiba.com\/wp-json\/wp\/v2\/media?parent=170"}],"curies":[{"name":"wp","href":"https:\/\/api.w.org\/{rel}","templated":true}]}}