{"id":179,"date":"2024-01-18T15:38:08","date_gmt":"2024-01-18T20:38:08","guid":{"rendered":"https:\/\/vitacopaiba.com\/?page_id=179"},"modified":"2024-01-18T16:03:47","modified_gmt":"2024-01-18T21:03:47","slug":"material-vegetal","status":"publish","type":"page","link":"https:\/\/vitacopaiba.com\/material-vegetal\/","title":{"rendered":"Material vegetal"},"content":{"rendered":"\t\t<div data-elementor-type=\"wp-page\" data-elementor-id=\"179\" class=\"elementor elementor-179\">\n\t\t\t\t<div class=\"elementor-element elementor-element-0a6ef7a e-flex e-con-boxed e-con e-parent\" data-id=\"0a6ef7a\" data-element_type=\"container\">\n\t\t\t\t\t<div class=\"e-con-inner\">\n\t\t<div class=\"elementor-element elementor-element-6556ee9 e-flex e-con-boxed e-con e-child\" data-id=\"6556ee9\" data-element_type=\"container\">\n\t\t\t\t\t<div class=\"e-con-inner\">\n\t\t<div class=\"elementor-element elementor-element-ff58cd7 e-flex e-con-boxed e-con e-child\" data-id=\"ff58cd7\" data-element_type=\"container\">\n\t\t\t\t\t<div class=\"e-con-inner\">\n\t\t\t\t<div class=\"elementor-element elementor-element-d9f48e8 elementor-widget elementor-widget-heading\" data-id=\"d9f48e8\" data-element_type=\"widget\" data-widget_type=\"heading.default\">\n\t\t\t\t<div class=\"elementor-widget-container\">\n\t\t\t\t\t<h1 class=\"elementor-heading-title elementor-size-default\">Servicios<\/h1>\t\t\t\t<\/div>\n\t\t\t\t<\/div>\n\t\t\t\t\t<\/div>\n\t\t\t\t<\/div>\n\t\t\t\t\t<\/div>\n\t\t\t\t<\/div>\n\t\t\t\t\t<\/div>\n\t\t\t\t<\/div>\n\t\t<div class=\"elementor-element elementor-element-ee97459 e-flex e-con-boxed e-con e-parent\" data-id=\"ee97459\" data-element_type=\"container\">\n\t\t\t\t\t<div class=\"e-con-inner\">\n\t\t<div class=\"elementor-element elementor-element-ca8d2c2 e-flex e-con-boxed e-con e-child\" data-id=\"ca8d2c2\" data-element_type=\"container\">\n\t\t\t\t\t<div class=\"e-con-inner\">\n\t\t<div class=\"elementor-element elementor-element-edf3cc2 e-flex e-con-boxed e-con e-child\" data-id=\"edf3cc2\" data-element_type=\"container\">\n\t\t\t\t\t<div class=\"e-con-inner\">\n\t\t<div class=\"elementor-element elementor-element-bf7c713 e-con-full e-flex e-con e-child\" data-id=\"bf7c713\" data-element_type=\"container\">\n\t\t\t\t<div class=\"elementor-element elementor-element-403cf22 elementor-widget elementor-widget-image\" data-id=\"403cf22\" data-element_type=\"widget\" data-widget_type=\"image.default\">\n\t\t\t\t<div class=\"elementor-widget-container\">\n\t\t\t\t\t\t\t\t\t\t\t\t\t\t\t<img fetchpriority=\"high\" decoding=\"async\" width=\"625\" height=\"794\" src=\"https:\/\/vitacopaiba.com\/wp-content\/uploads\/2024\/01\/Recurso-77.png\" class=\"attachment-full size-full wp-image-212\" alt=\"\" srcset=\"https:\/\/vitacopaiba.com\/wp-content\/uploads\/2024\/01\/Recurso-77.png 625w, https:\/\/vitacopaiba.com\/wp-content\/uploads\/2024\/01\/Recurso-77-236x300.png 236w, https:\/\/vitacopaiba.com\/wp-content\/uploads\/2024\/01\/Recurso-77-600x762.png 600w\" sizes=\"(max-width: 625px) 100vw, 625px\" \/>\t\t\t\t\t\t\t\t\t\t\t\t\t\t\t<\/div>\n\t\t\t\t<\/div>\n\t\t\t\t<\/div>\n\t\t<div class=\"elementor-element elementor-element-59eb6f4 e-con-full e-flex e-con e-child\" data-id=\"59eb6f4\" data-element_type=\"container\">\n\t\t\t\t<div class=\"elementor-element elementor-element-4eda6ca elementor-widget elementor-widget-text-editor\" data-id=\"4eda6ca\" data-element_type=\"widget\" data-widget_type=\"text-editor.default\">\n\t\t\t\t<div class=\"elementor-widget-container\">\n\t\t\t\t\t\t\t\t\t<p>Comercializamos pl\u00e1ntulas y semillas de copaiba, con el prop\u00f3sito de dar acceso a esta planta a la comunidad interesada en adquirir y aprender sobre sus caracter\u00edsticas y beneficios naturales.<\/p>\t\t\t\t\t\t\t\t<\/div>\n\t\t\t\t<\/div>\n\t\t\t\t<\/div>\n\t\t\t\t\t<\/div>\n\t\t\t\t<\/div>\n\t\t\t\t\t<\/div>\n\t\t\t\t<\/div>\n\t\t\t\t\t<\/div>\n\t\t\t\t<\/div>\n\t\t\t\t<\/div>\n\t\t","protected":false},"excerpt":{"rendered":"<p>Servicios Comercializamos pl\u00e1ntulas y semillas de copaiba, con el prop\u00f3sito de dar acceso a esta planta a la comunidad interesada en adquirir y aprender sobre sus caracter\u00edsticas y beneficios naturales.<\/p>\n","protected":false},"author":1,"featured_media":0,"parent":0,"menu_order":0,"comment_status":"closed","ping_status":"closed","template":"","meta":{"footnotes":""},"class_list":["post-179","page","type-page","status-publish","hentry","entry","wvn-thumbs-layout-horizontal","wvn-btn-normal","wvn-tabs-layout-horizontal","has-no-thumbnails"],"_links":{"self":[{"href":"https:\/\/vitacopaiba.com\/wp-json\/wp\/v2\/pages\/179","targetHints":{"allow":["GET"]}}],"collection":[{"href":"https:\/\/vitacopaiba.com\/wp-json\/wp\/v2\/pages"}],"about":[{"href":"https:\/\/vitacopaiba.com\/wp-json\/wp\/v2\/types\/page"}],"author":[{"embeddable":true,"href":"https:\/\/vitacopaiba.com\/wp-json\/wp\/v2\/users\/1"}],"replies":[{"embeddable":true,"href":"https:\/\/vitacopaiba.com\/wp-json\/wp\/v2\/comments?post=179"}],"version-history":[{"count":4,"href":"https:\/\/vitacopaiba.com\/wp-json\/wp\/v2\/pages\/179\/revisions"}],"predecessor-version":[{"id":215,"href":"https:\/\/vitacopaiba.com\/wp-json\/wp\/v2\/pages\/179\/revisions\/215"}],"wp:attachment":[{"href":"https:\/\/vitacopaiba.com\/wp-json\/wp\/v2\/media?parent=179"}],"curies":[{"name":"wp","href":"https:\/\/api.w.org\/{rel}","templated":true}]}}