{"id":256,"date":"2024-01-18T16:41:36","date_gmt":"2024-01-18T21:41:36","guid":{"rendered":"https:\/\/vitacopaiba.com\/?page_id=256"},"modified":"2024-01-18T16:57:15","modified_gmt":"2024-01-18T21:57:15","slug":"sinergia-con-las-comunidades-campesinas","status":"publish","type":"page","link":"https:\/\/vitacopaiba.com\/sinergia-con-las-comunidades-campesinas\/","title":{"rendered":"Sinergia con las comunidades campesinas"},"content":{"rendered":"\t\t<div data-elementor-type=\"wp-page\" data-elementor-id=\"256\" class=\"elementor elementor-256\">\n\t\t\t\t<div class=\"elementor-element elementor-element-081dfb6 e-flex e-con-boxed e-con e-parent\" data-id=\"081dfb6\" data-element_type=\"container\">\n\t\t\t\t\t<div class=\"e-con-inner\">\n\t\t<div class=\"elementor-element elementor-element-e6e14b6 e-flex e-con-boxed e-con e-child\" data-id=\"e6e14b6\" data-element_type=\"container\">\n\t\t\t\t\t<div class=\"e-con-inner\">\n\t\t<div class=\"elementor-element elementor-element-77e7139 e-flex e-con-boxed e-con e-child\" data-id=\"77e7139\" data-element_type=\"container\">\n\t\t\t\t\t<div class=\"e-con-inner\">\n\t\t\t\t<div class=\"elementor-element elementor-element-6ee275f elementor-widget elementor-widget-heading\" data-id=\"6ee275f\" data-element_type=\"widget\" data-widget_type=\"heading.default\">\n\t\t\t\t<div class=\"elementor-widget-container\">\n\t\t\t\t\t<h1 class=\"elementor-heading-title elementor-size-default\">Nuestro impacto<\/h1>\t\t\t\t<\/div>\n\t\t\t\t<\/div>\n\t\t\t\t\t<\/div>\n\t\t\t\t<\/div>\n\t\t\t\t\t<\/div>\n\t\t\t\t<\/div>\n\t\t\t\t\t<\/div>\n\t\t\t\t<\/div>\n\t\t<div class=\"elementor-element elementor-element-f17ad1d e-flex e-con-boxed e-con e-parent\" data-id=\"f17ad1d\" data-element_type=\"container\">\n\t\t\t\t\t<div class=\"e-con-inner\">\n\t\t<div class=\"elementor-element elementor-element-6a1f129 e-flex e-con-boxed e-con e-child\" data-id=\"6a1f129\" data-element_type=\"container\">\n\t\t\t\t\t<div class=\"e-con-inner\">\n\t\t<div class=\"elementor-element elementor-element-5fe9dbc e-flex e-con-boxed e-con e-child\" data-id=\"5fe9dbc\" data-element_type=\"container\">\n\t\t\t\t\t<div class=\"e-con-inner\">\n\t\t<div class=\"elementor-element elementor-element-a612c32 e-con-full e-flex e-con e-child\" data-id=\"a612c32\" data-element_type=\"container\">\n\t\t\t\t<div class=\"elementor-element elementor-element-f55fee1 elementor-widget elementor-widget-image\" data-id=\"f55fee1\" data-element_type=\"widget\" data-widget_type=\"image.default\">\n\t\t\t\t<div class=\"elementor-widget-container\">\n\t\t\t\t\t\t\t\t\t\t\t\t\t\t\t<img fetchpriority=\"high\" decoding=\"async\" width=\"326\" height=\"333\" src=\"https:\/\/vitacopaiba.com\/wp-content\/uploads\/2024\/01\/Recurso-85.png\" class=\"attachment-full size-full wp-image-227\" alt=\"\" srcset=\"https:\/\/vitacopaiba.com\/wp-content\/uploads\/2024\/01\/Recurso-85.png 326w, https:\/\/vitacopaiba.com\/wp-content\/uploads\/2024\/01\/Recurso-85-294x300.png 294w\" sizes=\"(max-width: 326px) 100vw, 326px\" \/>\t\t\t\t\t\t\t\t\t\t\t\t\t\t\t<\/div>\n\t\t\t\t<\/div>\n\t\t\t\t<\/div>\n\t\t<div class=\"elementor-element elementor-element-13fe8a8 e-con-full e-flex e-con e-child\" data-id=\"13fe8a8\" data-element_type=\"container\">\n\t\t\t\t<div class=\"elementor-element elementor-element-23ea718 elementor-widget elementor-widget-text-editor\" data-id=\"23ea718\" data-element_type=\"widget\" data-widget_type=\"text-editor.default\">\n\t\t\t\t<div class=\"elementor-widget-container\">\n\t\t\t\t\t\t\t\t\t<p>En Vita Copaiba se desarrolla una sinergia con la comunidad campesina, puesto que se consolidan alianzas con propietarios de fincas productoras de aceite de copaiba que, a trav\u00e9s de un paquete tecnol\u00f3gico, implementan el m\u00e9todo de extracci\u00f3n sostenible de la oleorresina de copaiba. De esta manera, se genera un desarrollo econ\u00f3mico para el campesino,\u00a0se le paga por la cantidad de materia prima que se extrae de su predio, y se les compran las\u00a0semillas o pl\u00e1ntulas que ellos mismos germinen.<\/p>\t\t\t\t\t\t\t\t<\/div>\n\t\t\t\t<\/div>\n\t\t\t\t<\/div>\n\t\t\t\t\t<\/div>\n\t\t\t\t<\/div>\n\t\t\t\t\t<\/div>\n\t\t\t\t<\/div>\n\t\t\t\t\t<\/div>\n\t\t\t\t<\/div>\n\t\t\t\t<\/div>\n\t\t","protected":false},"excerpt":{"rendered":"<p>Nuestro impacto En Vita Copaiba se desarrolla una sinergia con la comunidad campesina, puesto que se consolidan alianzas con propietarios de fincas productoras de aceite de copaiba que, a trav\u00e9s de un paquete tecnol\u00f3gico, implementan el m\u00e9todo de extracci\u00f3n sostenible de la oleorresina de copaiba. De esta manera, se genera un desarrollo econ\u00f3mico para el [&hellip;]<\/p>\n","protected":false},"author":1,"featured_media":0,"parent":0,"menu_order":0,"comment_status":"closed","ping_status":"closed","template":"","meta":{"footnotes":""},"class_list":["post-256","page","type-page","status-publish","hentry","entry","wvn-thumbs-layout-horizontal","wvn-btn-normal","wvn-tabs-layout-horizontal","has-no-thumbnails"],"_links":{"self":[{"href":"https:\/\/vitacopaiba.com\/wp-json\/wp\/v2\/pages\/256","targetHints":{"allow":["GET"]}}],"collection":[{"href":"https:\/\/vitacopaiba.com\/wp-json\/wp\/v2\/pages"}],"about":[{"href":"https:\/\/vitacopaiba.com\/wp-json\/wp\/v2\/types\/page"}],"author":[{"embeddable":true,"href":"https:\/\/vitacopaiba.com\/wp-json\/wp\/v2\/users\/1"}],"replies":[{"embeddable":true,"href":"https:\/\/vitacopaiba.com\/wp-json\/wp\/v2\/comments?post=256"}],"version-history":[{"count":4,"href":"https:\/\/vitacopaiba.com\/wp-json\/wp\/v2\/pages\/256\/revisions"}],"predecessor-version":[{"id":284,"href":"https:\/\/vitacopaiba.com\/wp-json\/wp\/v2\/pages\/256\/revisions\/284"}],"wp:attachment":[{"href":"https:\/\/vitacopaiba.com\/wp-json\/wp\/v2\/media?parent=256"}],"curies":[{"name":"wp","href":"https:\/\/api.w.org\/{rel}","templated":true}]}}