{"id":262,"date":"2024-01-18T16:42:24","date_gmt":"2024-01-18T21:42:24","guid":{"rendered":"https:\/\/vitacopaiba.com\/?page_id=262"},"modified":"2024-01-18T16:58:09","modified_gmt":"2024-01-18T21:58:09","slug":"rescate-cultural","status":"publish","type":"page","link":"https:\/\/vitacopaiba.com\/rescate-cultural\/","title":{"rendered":"Rescate cultural"},"content":{"rendered":"\t\t<div data-elementor-type=\"wp-page\" data-elementor-id=\"262\" class=\"elementor elementor-262\">\n\t\t\t\t<div class=\"elementor-element elementor-element-566001e e-flex e-con-boxed e-con e-parent\" data-id=\"566001e\" data-element_type=\"container\">\n\t\t\t\t\t<div class=\"e-con-inner\">\n\t\t<div class=\"elementor-element elementor-element-611714b e-flex e-con-boxed e-con e-child\" data-id=\"611714b\" data-element_type=\"container\">\n\t\t\t\t\t<div class=\"e-con-inner\">\n\t\t<div class=\"elementor-element elementor-element-fd05d3e e-flex e-con-boxed e-con e-child\" data-id=\"fd05d3e\" data-element_type=\"container\">\n\t\t\t\t\t<div class=\"e-con-inner\">\n\t\t<div class=\"elementor-element elementor-element-d43e629 e-flex e-con-boxed e-con e-child\" data-id=\"d43e629\" data-element_type=\"container\">\n\t\t\t\t\t<div class=\"e-con-inner\">\n\t\t\t\t<div class=\"elementor-element elementor-element-481686c elementor-widget elementor-widget-heading\" data-id=\"481686c\" data-element_type=\"widget\" data-widget_type=\"heading.default\">\n\t\t\t\t<div class=\"elementor-widget-container\">\n\t\t\t\t\t<h1 class=\"elementor-heading-title elementor-size-default\">Nuestro impacto<\/h1>\t\t\t\t<\/div>\n\t\t\t\t<\/div>\n\t\t\t\t\t<\/div>\n\t\t\t\t<\/div>\n\t\t\t\t\t<\/div>\n\t\t\t\t<\/div>\n\t\t\t\t\t<\/div>\n\t\t\t\t<\/div>\n\t\t\t\t\t<\/div>\n\t\t\t\t<\/div>\n\t\t<div class=\"elementor-element elementor-element-21aba77 e-flex e-con-boxed e-con e-parent\" data-id=\"21aba77\" data-element_type=\"container\">\n\t\t\t\t\t<div class=\"e-con-inner\">\n\t\t<div class=\"elementor-element elementor-element-8e9afdd e-flex e-con-boxed e-con e-child\" data-id=\"8e9afdd\" data-element_type=\"container\">\n\t\t\t\t\t<div class=\"e-con-inner\">\n\t\t<div class=\"elementor-element elementor-element-7a285d6 e-flex e-con-boxed e-con e-child\" data-id=\"7a285d6\" data-element_type=\"container\">\n\t\t\t\t\t<div class=\"e-con-inner\">\n\t\t<div class=\"elementor-element elementor-element-9aadc0d e-con-full e-flex e-con e-child\" data-id=\"9aadc0d\" data-element_type=\"container\">\n\t\t\t\t<div class=\"elementor-element elementor-element-f625282 elementor-widget elementor-widget-image\" data-id=\"f625282\" data-element_type=\"widget\" data-widget_type=\"image.default\">\n\t\t\t\t<div class=\"elementor-widget-container\">\n\t\t\t\t\t\t\t\t\t\t\t\t\t\t\t<img fetchpriority=\"high\" decoding=\"async\" width=\"326\" height=\"327\" src=\"https:\/\/vitacopaiba.com\/wp-content\/uploads\/2024\/01\/Recurso-91.png\" class=\"attachment-full size-full wp-image-236\" alt=\"\" srcset=\"https:\/\/vitacopaiba.com\/wp-content\/uploads\/2024\/01\/Recurso-91.png 326w, https:\/\/vitacopaiba.com\/wp-content\/uploads\/2024\/01\/Recurso-91-300x300.png 300w, https:\/\/vitacopaiba.com\/wp-content\/uploads\/2024\/01\/Recurso-91-150x150.png 150w, https:\/\/vitacopaiba.com\/wp-content\/uploads\/2024\/01\/Recurso-91-100x100.png 100w\" sizes=\"(max-width: 326px) 100vw, 326px\" \/>\t\t\t\t\t\t\t\t\t\t\t\t\t\t\t<\/div>\n\t\t\t\t<\/div>\n\t\t\t\t<\/div>\n\t\t<div class=\"elementor-element elementor-element-5134c67 e-con-full e-flex e-con e-child\" data-id=\"5134c67\" data-element_type=\"container\">\n\t\t\t\t<div class=\"elementor-element elementor-element-f733caa elementor-widget elementor-widget-text-editor\" data-id=\"f733caa\" data-element_type=\"widget\" data-widget_type=\"text-editor.default\">\n\t\t\t\t<div class=\"elementor-widget-container\">\n\t\t\t\t\t\t\t\t\t<p>Desde hace muchos a\u00f1os, en los hatos y fundos del llano se hac\u00eda uso del aceite de copaiba para diferentes actividades, pues era una materia prima indispensable para las familias llaneras. Esto dej\u00f3 en el territorio una huella cultural muy significativa que, con el paso del tiempo, se fue perdiendo, al punto que ni los nativos de la zona conoc\u00edan de las bondades del \u00e1rbol, o que el \u00e1rbol de aceite o de palo -como se le conoce popularmente- diera aceite. Por esta raz\u00f3n, Vita Copaiba empieza a revivir esta cultura y a contarle a los nativos acerca de las bondades de esta especie, ofreciendo a los campesinos conocimiento y apropi\u00e1ndolos de las riquezas naturales con las que cuentan en su territorio.<\/p>\t\t\t\t\t\t\t\t<\/div>\n\t\t\t\t<\/div>\n\t\t\t\t<\/div>\n\t\t\t\t\t<\/div>\n\t\t\t\t<\/div>\n\t\t\t\t\t<\/div>\n\t\t\t\t<\/div>\n\t\t\t\t\t<\/div>\n\t\t\t\t<\/div>\n\t\t\t\t<\/div>\n\t\t","protected":false},"excerpt":{"rendered":"<p>Nuestro impacto Desde hace muchos a\u00f1os, en los hatos y fundos del llano se hac\u00eda uso del aceite de copaiba para diferentes actividades, pues era una materia prima indispensable para las familias llaneras. Esto dej\u00f3 en el territorio una huella cultural muy significativa que, con el paso del tiempo, se fue perdiendo, al punto que [&hellip;]<\/p>\n","protected":false},"author":1,"featured_media":0,"parent":0,"menu_order":0,"comment_status":"closed","ping_status":"closed","template":"","meta":{"footnotes":""},"class_list":["post-262","page","type-page","status-publish","hentry","entry","wvn-thumbs-layout-horizontal","wvn-btn-normal","wvn-tabs-layout-horizontal","has-no-thumbnails"],"_links":{"self":[{"href":"https:\/\/vitacopaiba.com\/wp-json\/wp\/v2\/pages\/262","targetHints":{"allow":["GET"]}}],"collection":[{"href":"https:\/\/vitacopaiba.com\/wp-json\/wp\/v2\/pages"}],"about":[{"href":"https:\/\/vitacopaiba.com\/wp-json\/wp\/v2\/types\/page"}],"author":[{"embeddable":true,"href":"https:\/\/vitacopaiba.com\/wp-json\/wp\/v2\/users\/1"}],"replies":[{"embeddable":true,"href":"https:\/\/vitacopaiba.com\/wp-json\/wp\/v2\/comments?post=262"}],"version-history":[{"count":4,"href":"https:\/\/vitacopaiba.com\/wp-json\/wp\/v2\/pages\/262\/revisions"}],"predecessor-version":[{"id":290,"href":"https:\/\/vitacopaiba.com\/wp-json\/wp\/v2\/pages\/262\/revisions\/290"}],"wp:attachment":[{"href":"https:\/\/vitacopaiba.com\/wp-json\/wp\/v2\/media?parent=262"}],"curies":[{"name":"wp","href":"https:\/\/api.w.org\/{rel}","templated":true}]}}