{"id":265,"date":"2024-01-18T16:42:47","date_gmt":"2024-01-18T21:42:47","guid":{"rendered":"https:\/\/vitacopaiba.com\/?page_id=265"},"modified":"2024-01-18T16:58:48","modified_gmt":"2024-01-18T21:58:48","slug":"aporte-economico","status":"publish","type":"page","link":"https:\/\/vitacopaiba.com\/aporte-economico\/","title":{"rendered":"Aporte econ\u00f3mico"},"content":{"rendered":"\t\t<div data-elementor-type=\"wp-page\" data-elementor-id=\"265\" class=\"elementor elementor-265\">\n\t\t\t\t<div class=\"elementor-element elementor-element-ecabef9 e-flex e-con-boxed e-con e-parent\" data-id=\"ecabef9\" data-element_type=\"container\">\n\t\t\t\t\t<div class=\"e-con-inner\">\n\t\t<div class=\"elementor-element elementor-element-6b8cb32 e-flex e-con-boxed e-con e-child\" data-id=\"6b8cb32\" data-element_type=\"container\">\n\t\t\t\t\t<div class=\"e-con-inner\">\n\t\t<div class=\"elementor-element elementor-element-0cee184 e-flex e-con-boxed e-con e-child\" data-id=\"0cee184\" data-element_type=\"container\">\n\t\t\t\t\t<div class=\"e-con-inner\">\n\t\t<div class=\"elementor-element elementor-element-fb269b3 e-flex e-con-boxed e-con e-child\" data-id=\"fb269b3\" data-element_type=\"container\">\n\t\t\t\t\t<div class=\"e-con-inner\">\n\t\t\t\t<div class=\"elementor-element elementor-element-061bb9e elementor-widget elementor-widget-heading\" data-id=\"061bb9e\" data-element_type=\"widget\" data-widget_type=\"heading.default\">\n\t\t\t\t<div class=\"elementor-widget-container\">\n\t\t\t\t\t<h1 class=\"elementor-heading-title elementor-size-default\">Nuestro impacto<\/h1>\t\t\t\t<\/div>\n\t\t\t\t<\/div>\n\t\t\t\t\t<\/div>\n\t\t\t\t<\/div>\n\t\t\t\t\t<\/div>\n\t\t\t\t<\/div>\n\t\t\t\t\t<\/div>\n\t\t\t\t<\/div>\n\t\t\t\t\t<\/div>\n\t\t\t\t<\/div>\n\t\t<div class=\"elementor-element elementor-element-97efb8d e-flex e-con-boxed e-con e-parent\" data-id=\"97efb8d\" data-element_type=\"container\">\n\t\t\t\t\t<div class=\"e-con-inner\">\n\t\t<div class=\"elementor-element elementor-element-6b5e4b8 e-flex e-con-boxed e-con e-child\" data-id=\"6b5e4b8\" data-element_type=\"container\">\n\t\t\t\t\t<div class=\"e-con-inner\">\n\t\t<div class=\"elementor-element elementor-element-19b5369 e-flex e-con-boxed e-con e-child\" data-id=\"19b5369\" data-element_type=\"container\">\n\t\t\t\t\t<div class=\"e-con-inner\">\n\t\t<div class=\"elementor-element elementor-element-c539c96 e-con-full e-flex e-con e-child\" data-id=\"c539c96\" data-element_type=\"container\">\n\t\t\t\t<div class=\"elementor-element elementor-element-5f5eb30 elementor-widget elementor-widget-image\" data-id=\"5f5eb30\" data-element_type=\"widget\" data-widget_type=\"image.default\">\n\t\t\t\t<div class=\"elementor-widget-container\">\n\t\t\t\t\t\t\t\t\t\t\t\t\t\t\t<img fetchpriority=\"high\" decoding=\"async\" width=\"326\" height=\"327\" src=\"https:\/\/vitacopaiba.com\/wp-content\/uploads\/2024\/01\/Recurso-88.png\" class=\"attachment-full size-full wp-image-230\" alt=\"\" srcset=\"https:\/\/vitacopaiba.com\/wp-content\/uploads\/2024\/01\/Recurso-88.png 326w, https:\/\/vitacopaiba.com\/wp-content\/uploads\/2024\/01\/Recurso-88-300x300.png 300w, https:\/\/vitacopaiba.com\/wp-content\/uploads\/2024\/01\/Recurso-88-150x150.png 150w, https:\/\/vitacopaiba.com\/wp-content\/uploads\/2024\/01\/Recurso-88-100x100.png 100w\" sizes=\"(max-width: 326px) 100vw, 326px\" \/>\t\t\t\t\t\t\t\t\t\t\t\t\t\t\t<\/div>\n\t\t\t\t<\/div>\n\t\t\t\t<\/div>\n\t\t<div class=\"elementor-element elementor-element-40c6ddb e-con-full e-flex e-con e-child\" data-id=\"40c6ddb\" data-element_type=\"container\">\n\t\t\t\t<div class=\"elementor-element elementor-element-96d2291 elementor-widget elementor-widget-text-editor\" data-id=\"96d2291\" data-element_type=\"widget\" data-widget_type=\"text-editor.default\">\n\t\t\t\t<div class=\"elementor-widget-container\">\n\t\t\t\t\t\t\t\t\t<p>Se genera un ingreso econ\u00f3mico al campesino que ha preservado la especie nativa Copaifera Pubiflora durante a\u00f1os, como una forma de pago por el servicio ambiental, generando as\u00ed un ingreso extra en la comunidad, de periodicidad mensual.\u00a0<\/p>\t\t\t\t\t\t\t\t<\/div>\n\t\t\t\t<\/div>\n\t\t\t\t<\/div>\n\t\t\t\t\t<\/div>\n\t\t\t\t<\/div>\n\t\t\t\t\t<\/div>\n\t\t\t\t<\/div>\n\t\t\t\t\t<\/div>\n\t\t\t\t<\/div>\n\t\t\t\t<\/div>\n\t\t","protected":false},"excerpt":{"rendered":"<p>Nuestro impacto Se genera un ingreso econ\u00f3mico al campesino que ha preservado la especie nativa Copaifera Pubiflora durante a\u00f1os, como una forma de pago por el servicio ambiental, generando as\u00ed un ingreso extra en la comunidad, de periodicidad mensual.\u00a0<\/p>\n","protected":false},"author":1,"featured_media":0,"parent":0,"menu_order":0,"comment_status":"closed","ping_status":"closed","template":"","meta":{"footnotes":""},"class_list":["post-265","page","type-page","status-publish","hentry","entry","wvn-thumbs-layout-horizontal","wvn-btn-normal","wvn-tabs-layout-horizontal","has-no-thumbnails"],"_links":{"self":[{"href":"https:\/\/vitacopaiba.com\/wp-json\/wp\/v2\/pages\/265","targetHints":{"allow":["GET"]}}],"collection":[{"href":"https:\/\/vitacopaiba.com\/wp-json\/wp\/v2\/pages"}],"about":[{"href":"https:\/\/vitacopaiba.com\/wp-json\/wp\/v2\/types\/page"}],"author":[{"embeddable":true,"href":"https:\/\/vitacopaiba.com\/wp-json\/wp\/v2\/users\/1"}],"replies":[{"embeddable":true,"href":"https:\/\/vitacopaiba.com\/wp-json\/wp\/v2\/comments?post=265"}],"version-history":[{"count":4,"href":"https:\/\/vitacopaiba.com\/wp-json\/wp\/v2\/pages\/265\/revisions"}],"predecessor-version":[{"id":293,"href":"https:\/\/vitacopaiba.com\/wp-json\/wp\/v2\/pages\/265\/revisions\/293"}],"wp:attachment":[{"href":"https:\/\/vitacopaiba.com\/wp-json\/wp\/v2\/media?parent=265"}],"curies":[{"name":"wp","href":"https:\/\/api.w.org\/{rel}","templated":true}]}}