{"id":271,"date":"2024-01-18T16:43:27","date_gmt":"2024-01-18T21:43:27","guid":{"rendered":"https:\/\/vitacopaiba.com\/?page_id=271"},"modified":"2024-01-18T17:07:32","modified_gmt":"2024-01-18T22:07:32","slug":"reconocimiento-a-nuestra-labor","status":"publish","type":"page","link":"https:\/\/vitacopaiba.com\/reconocimiento-a-nuestra-labor\/","title":{"rendered":"Reconocimiento a nuestra labor"},"content":{"rendered":"\t\t<div data-elementor-type=\"wp-page\" data-elementor-id=\"271\" class=\"elementor elementor-271\">\n\t\t\t\t<div class=\"elementor-element elementor-element-df99fe0 e-flex e-con-boxed e-con e-parent\" data-id=\"df99fe0\" data-element_type=\"container\">\n\t\t\t\t\t<div class=\"e-con-inner\">\n\t\t<div class=\"elementor-element elementor-element-0430608 e-flex e-con-boxed e-con e-child\" data-id=\"0430608\" data-element_type=\"container\">\n\t\t\t\t\t<div class=\"e-con-inner\">\n\t\t<div class=\"elementor-element elementor-element-ae52046 e-flex e-con-boxed e-con e-child\" data-id=\"ae52046\" data-element_type=\"container\">\n\t\t\t\t\t<div class=\"e-con-inner\">\n\t\t<div class=\"elementor-element elementor-element-fcd398a e-flex e-con-boxed e-con e-child\" data-id=\"fcd398a\" data-element_type=\"container\">\n\t\t\t\t\t<div class=\"e-con-inner\">\n\t\t\t\t<div class=\"elementor-element elementor-element-4bb9623 elementor-widget elementor-widget-heading\" data-id=\"4bb9623\" data-element_type=\"widget\" data-widget_type=\"heading.default\">\n\t\t\t\t<div class=\"elementor-widget-container\">\n\t\t\t\t\t<h1 class=\"elementor-heading-title elementor-size-default\">Nuestro impacto<\/h1>\t\t\t\t<\/div>\n\t\t\t\t<\/div>\n\t\t\t\t\t<\/div>\n\t\t\t\t<\/div>\n\t\t\t\t\t<\/div>\n\t\t\t\t<\/div>\n\t\t\t\t\t<\/div>\n\t\t\t\t<\/div>\n\t\t\t\t\t<\/div>\n\t\t\t\t<\/div>\n\t\t<div class=\"elementor-element elementor-element-76e6fd8 e-flex e-con-boxed e-con e-parent\" data-id=\"76e6fd8\" data-element_type=\"container\">\n\t\t\t\t\t<div class=\"e-con-inner\">\n\t\t<div class=\"elementor-element elementor-element-71ab1d3 e-flex e-con-boxed e-con e-child\" data-id=\"71ab1d3\" data-element_type=\"container\">\n\t\t\t\t\t<div class=\"e-con-inner\">\n\t\t<div class=\"elementor-element elementor-element-5f51a96 e-flex e-con-boxed e-con e-child\" data-id=\"5f51a96\" data-element_type=\"container\">\n\t\t\t\t\t<div class=\"e-con-inner\">\n\t\t<div class=\"elementor-element elementor-element-a2ff4f1 e-con-full e-flex e-con e-child\" data-id=\"a2ff4f1\" data-element_type=\"container\">\n\t\t\t\t<div class=\"elementor-element elementor-element-f066ea1 elementor-widget elementor-widget-image\" data-id=\"f066ea1\" data-element_type=\"widget\" data-widget_type=\"image.default\">\n\t\t\t\t<div class=\"elementor-widget-container\">\n\t\t\t\t\t\t\t\t\t\t\t\t\t\t\t<img fetchpriority=\"high\" decoding=\"async\" width=\"326\" height=\"327\" src=\"https:\/\/vitacopaiba.com\/wp-content\/uploads\/2024\/01\/Recurso-90.png\" class=\"attachment-full size-full wp-image-232\" alt=\"\" srcset=\"https:\/\/vitacopaiba.com\/wp-content\/uploads\/2024\/01\/Recurso-90.png 326w, https:\/\/vitacopaiba.com\/wp-content\/uploads\/2024\/01\/Recurso-90-300x300.png 300w, https:\/\/vitacopaiba.com\/wp-content\/uploads\/2024\/01\/Recurso-90-150x150.png 150w, https:\/\/vitacopaiba.com\/wp-content\/uploads\/2024\/01\/Recurso-90-100x100.png 100w\" sizes=\"(max-width: 326px) 100vw, 326px\" \/>\t\t\t\t\t\t\t\t\t\t\t\t\t\t\t<\/div>\n\t\t\t\t<\/div>\n\t\t\t\t<\/div>\n\t\t<div class=\"elementor-element elementor-element-f854d35 e-con-full e-flex e-con e-child\" data-id=\"f854d35\" data-element_type=\"container\">\n\t\t\t\t<div class=\"elementor-element elementor-element-700e90f elementor-widget elementor-widget-text-editor\" data-id=\"700e90f\" data-element_type=\"widget\" data-widget_type=\"text-editor.default\">\n\t\t\t\t<div class=\"elementor-widget-container\">\n\t\t\t\t\t\t\t\t\t<p>Vita Copaiba es un proyecto que se cre\u00f3 100 % desde cero y con capital privado, Con el paso del tiempo, se sortearon varios impases, corrientes en todo el proceso de desarrollo y crecimiento, tiempo durante el cual tambi\u00e9n se han obtenido logros importantes como los que se destacan a continuaci\u00f3n:<\/p>\t\t\t\t\t\t\t\t<\/div>\n\t\t\t\t<\/div>\n\t\t\t\t<div class=\"elementor-element elementor-element-d5c06a5 elementor-widget elementor-widget-text-editor\" data-id=\"d5c06a5\" data-element_type=\"widget\" data-widget_type=\"text-editor.default\">\n\t\t\t\t<div class=\"elementor-widget-container\">\n\t\t\t\t\t\t\t\t\t<p><strong>2019<\/strong><\/p>\t\t\t\t\t\t\t\t<\/div>\n\t\t\t\t<\/div>\n\t\t\t\t<div class=\"elementor-element elementor-element-1903b88 elementor-widget elementor-widget-text-editor\" data-id=\"1903b88\" data-element_type=\"widget\" data-widget_type=\"text-editor.default\">\n\t\t\t\t<div class=\"elementor-widget-container\">\n\t\t\t\t\t\t\t\t\t<ul><li>1 Puesto como proyecto m\u00e1s innovador otorgado por la Fundaci\u00f3n Universitaria de San Gil \u2013 Unisangil Yopal.<\/li><\/ul>\t\t\t\t\t\t\t\t<\/div>\n\t\t\t\t<\/div>\n\t\t\t\t<div class=\"elementor-element elementor-element-facd67c elementor-widget elementor-widget-text-editor\" data-id=\"facd67c\" data-element_type=\"widget\" data-widget_type=\"text-editor.default\">\n\t\t\t\t<div class=\"elementor-widget-container\">\n\t\t\t\t\t\t\t\t\t<p><strong>2020<\/strong><\/p>\t\t\t\t\t\t\t\t<\/div>\n\t\t\t\t<\/div>\n\t\t\t\t<div class=\"elementor-element elementor-element-7ff900a elementor-widget elementor-widget-text-editor\" data-id=\"7ff900a\" data-element_type=\"widget\" data-widget_type=\"text-editor.default\">\n\t\t\t\t<div class=\"elementor-widget-container\">\n\t\t\t\t\t\t\t\t\t<ul><li>Condecoraci\u00f3n por parte del programa \u201cFe en Colombia\u201d del Ej\u00e9rcito Nacional de Colombia, como emprendimiento estrella.<\/li><li>1 Puesto en el premio de responsabilidad social, en la categor\u00eda medio ambiente, otorgado por la Mesa de Responsabilidad Social y Empresarial de Casanare.<\/li><\/ul>\t\t\t\t\t\t\t\t<\/div>\n\t\t\t\t<\/div>\n\t\t\t\t<div class=\"elementor-element elementor-element-7dbccf5 elementor-widget elementor-widget-text-editor\" data-id=\"7dbccf5\" data-element_type=\"widget\" data-widget_type=\"text-editor.default\">\n\t\t\t\t<div class=\"elementor-widget-container\">\n\t\t\t\t\t\t\t\t\t<p><strong>2021<\/strong><\/p>\t\t\t\t\t\t\t\t<\/div>\n\t\t\t\t<\/div>\n\t\t\t\t<div class=\"elementor-element elementor-element-2c63bcf elementor-widget elementor-widget-text-editor\" data-id=\"2c63bcf\" data-element_type=\"widget\" data-widget_type=\"text-editor.default\">\n\t\t\t\t<div class=\"elementor-widget-container\">\n\t\t\t\t\t\t\t\t\t<ul><li>M\u00e9rito como productor ejemplar otorgado por la Gobernaci\u00f3n de Casanare y Ecopetrol.\u00a0<\/li><li>Beneficiario del Fondo Emprender, en la convocatoria nacional de econom\u00eda naranja.<\/li><\/ul>\t\t\t\t\t\t\t\t<\/div>\n\t\t\t\t<\/div>\n\t\t\t\t<div class=\"elementor-element elementor-element-15de4a7 elementor-widget elementor-widget-text-editor\" data-id=\"15de4a7\" data-element_type=\"widget\" data-widget_type=\"text-editor.default\">\n\t\t\t\t<div class=\"elementor-widget-container\">\n\t\t\t\t\t\t\t\t\t<p><strong>2022<\/strong><\/p>\t\t\t\t\t\t\t\t<\/div>\n\t\t\t\t<\/div>\n\t\t\t\t<div class=\"elementor-element elementor-element-72151db elementor-widget elementor-widget-text-editor\" data-id=\"72151db\" data-element_type=\"widget\" data-widget_type=\"text-editor.default\">\n\t\t\t\t<div class=\"elementor-widget-container\">\n\t\t\t\t\t\t\t\t\t<ul><li>Validaci\u00f3n de la primera planta de producci\u00f3n cosm\u00e9tica que tiene el departamento de Casanare, avalada por el Invima.<\/li><li>Proyecto con sello verde, otorgado por la oficina de negocios verdes del Ministerio de Ambiente y Desarrollo Sostenible.<\/li><\/ul>\t\t\t\t\t\t\t\t<\/div>\n\t\t\t\t<\/div>\n\t\t\t\t<div class=\"elementor-element elementor-element-bbac5bd elementor-widget elementor-widget-text-editor\" data-id=\"bbac5bd\" data-element_type=\"widget\" data-widget_type=\"text-editor.default\">\n\t\t\t\t<div class=\"elementor-widget-container\">\n\t\t\t\t\t\t\t\t\t<p><strong>2023<\/strong><\/p>\t\t\t\t\t\t\t\t<\/div>\n\t\t\t\t<\/div>\n\t\t\t\t<div class=\"elementor-element elementor-element-9c1da91 elementor-widget elementor-widget-text-editor\" data-id=\"9c1da91\" data-element_type=\"widget\" data-widget_type=\"text-editor.default\">\n\t\t\t\t<div class=\"elementor-widget-container\">\n\t\t\t\t\t\t\t\t\t<ul><li>Aval de confianza para el desarrollo del proyecto por parte de la autoridad ambiental de la regi\u00f3n \u2013 Corporinoquia.<br \/>Participaci\u00f3n de Vita Copaiba en la evaluaci\u00f3n del potencial de productos forestales no maderables prometedores en la regi\u00f3n de la Orinoqu\u00eda Colombiana, financiado por el Banco Mundial, logrando categorizar a la copaiba dentro de las 4 especies m\u00e1s importantes, gracias al desarrollo de la cadena de valor que ha adelantado Vita Copaiba.<\/li><li>Participaci\u00f3n en la mesa t\u00e9cnica para la creaci\u00f3n del plan de manejo ambiental de copaiba por parte de la Corporaci\u00f3n Aut\u00f3noma Regional de la Orinoqu\u00eda de Colombia.<\/li><\/ul>\t\t\t\t\t\t\t\t<\/div>\n\t\t\t\t<\/div>\n\t\t\t\t<\/div>\n\t\t\t\t\t<\/div>\n\t\t\t\t<\/div>\n\t\t\t\t\t<\/div>\n\t\t\t\t<\/div>\n\t\t\t\t\t<\/div>\n\t\t\t\t<\/div>\n\t\t\t\t<\/div>\n\t\t","protected":false},"excerpt":{"rendered":"<p>Nuestro impacto Vita Copaiba es un proyecto que se cre\u00f3 100 % desde cero y con capital privado, Con el paso del tiempo, se sortearon varios impases, corrientes en todo el proceso de desarrollo y crecimiento, tiempo durante el cual tambi\u00e9n se han obtenido logros importantes como los que se destacan a continuaci\u00f3n: 2019 1 [&hellip;]<\/p>\n","protected":false},"author":1,"featured_media":0,"parent":0,"menu_order":0,"comment_status":"closed","ping_status":"closed","template":"","meta":{"footnotes":""},"class_list":["post-271","page","type-page","status-publish","hentry","entry","wvn-thumbs-layout-horizontal","wvn-btn-normal","wvn-tabs-layout-horizontal","has-no-thumbnails"],"_links":{"self":[{"href":"https:\/\/vitacopaiba.com\/wp-json\/wp\/v2\/pages\/271","targetHints":{"allow":["GET"]}}],"collection":[{"href":"https:\/\/vitacopaiba.com\/wp-json\/wp\/v2\/pages"}],"about":[{"href":"https:\/\/vitacopaiba.com\/wp-json\/wp\/v2\/types\/page"}],"author":[{"embeddable":true,"href":"https:\/\/vitacopaiba.com\/wp-json\/wp\/v2\/users\/1"}],"replies":[{"embeddable":true,"href":"https:\/\/vitacopaiba.com\/wp-json\/wp\/v2\/comments?post=271"}],"version-history":[{"count":16,"href":"https:\/\/vitacopaiba.com\/wp-json\/wp\/v2\/pages\/271\/revisions"}],"predecessor-version":[{"id":314,"href":"https:\/\/vitacopaiba.com\/wp-json\/wp\/v2\/pages\/271\/revisions\/314"}],"wp:attachment":[{"href":"https:\/\/vitacopaiba.com\/wp-json\/wp\/v2\/media?parent=271"}],"curies":[{"name":"wp","href":"https:\/\/api.w.org\/{rel}","templated":true}]}}