{"id":87,"date":"2024-01-18T12:16:29","date_gmt":"2024-01-18T17:16:29","guid":{"rendered":"https:\/\/vitacopaiba.com\/?page_id=87"},"modified":"2024-03-05T10:49:49","modified_gmt":"2024-03-05T15:49:49","slug":"linea-terra","status":"publish","type":"page","link":"https:\/\/vitacopaiba.com\/linea-terra\/","title":{"rendered":"L\u00ednea Terra"},"content":{"rendered":"\t\t<div data-elementor-type=\"wp-page\" data-elementor-id=\"87\" class=\"elementor elementor-87\">\n\t\t\t\t<div class=\"elementor-element elementor-element-ce70a4d e-flex e-con-boxed e-con e-parent\" data-id=\"ce70a4d\" data-element_type=\"container\">\n\t\t\t\t\t<div class=\"e-con-inner\">\n\t\t\t\t<div class=\"elementor-element elementor-element-81626ba elementor-widget elementor-widget-image\" data-id=\"81626ba\" data-element_type=\"widget\" data-widget_type=\"image.default\">\n\t\t\t\t<div class=\"elementor-widget-container\">\n\t\t\t\t\t\t\t\t\t\t\t\t\t\t\t<img decoding=\"async\" width=\"1024\" height=\"44\" src=\"https:\/\/vitacopaiba.com\/wp-content\/uploads\/2024\/01\/Recurso-100-1024x44.png\" class=\"attachment-large size-large wp-image-325\" alt=\"\" srcset=\"https:\/\/vitacopaiba.com\/wp-content\/uploads\/2024\/01\/Recurso-100-1024x44.png 1024w, https:\/\/vitacopaiba.com\/wp-content\/uploads\/2024\/01\/Recurso-100-300x13.png 300w, https:\/\/vitacopaiba.com\/wp-content\/uploads\/2024\/01\/Recurso-100-768x33.png 768w, https:\/\/vitacopaiba.com\/wp-content\/uploads\/2024\/01\/Recurso-100-600x26.png 600w, https:\/\/vitacopaiba.com\/wp-content\/uploads\/2024\/01\/Recurso-100.png 1397w\" sizes=\"(max-width: 1024px) 100vw, 1024px\" \/>\t\t\t\t\t\t\t\t\t\t\t\t\t\t\t<\/div>\n\t\t\t\t<\/div>\n\t\t\t\t\t<\/div>\n\t\t\t\t<\/div>\n\t\t<div class=\"elementor-element elementor-element-a6f2718 e-flex e-con-boxed e-con e-parent\" data-id=\"a6f2718\" data-element_type=\"container\">\n\t\t\t\t\t<div class=\"e-con-inner\">\n\t\t<div class=\"elementor-element elementor-element-de8b466 e-flex e-con-boxed e-con e-child\" data-id=\"de8b466\" data-element_type=\"container\">\n\t\t\t\t\t<div class=\"e-con-inner\">\n\t\t<div class=\"elementor-element elementor-element-2cab31d e-con-full e-flex e-con e-child\" data-id=\"2cab31d\" data-element_type=\"container\">\n\t\t\t\t<div class=\"elementor-element elementor-element-5c89295 elementor-widget elementor-widget-image\" data-id=\"5c89295\" data-element_type=\"widget\" data-widget_type=\"image.default\">\n\t\t\t\t<div class=\"elementor-widget-container\">\n\t\t\t\t\t\t\t\t\t\t\t\t\t\t\t<img fetchpriority=\"high\" decoding=\"async\" width=\"232\" height=\"358\" src=\"https:\/\/vitacopaiba.com\/wp-content\/uploads\/2024\/01\/Recurso-101.png\" class=\"attachment-full size-full wp-image-326\" alt=\"\" srcset=\"https:\/\/vitacopaiba.com\/wp-content\/uploads\/2024\/01\/Recurso-101.png 232w, https:\/\/vitacopaiba.com\/wp-content\/uploads\/2024\/01\/Recurso-101-194x300.png 194w\" sizes=\"(max-width: 232px) 100vw, 232px\" \/>\t\t\t\t\t\t\t\t\t\t\t\t\t\t\t<\/div>\n\t\t\t\t<\/div>\n\t\t\t\t<\/div>\n\t\t<div class=\"elementor-element elementor-element-a39eeba e-con-full e-flex e-con e-child\" data-id=\"a39eeba\" data-element_type=\"container\">\n\t\t\t\t<div class=\"elementor-element elementor-element-a196dab elementor-widget elementor-widget-text-editor\" data-id=\"a196dab\" data-element_type=\"widget\" data-widget_type=\"text-editor.default\">\n\t\t\t\t<div class=\"elementor-widget-container\">\n\t\t\t\t\t\t\t\t\t<p><strong>La l\u00ednea cosm\u00e9tica\u00a0Terra\u00a0est\u00e1 conformada por productos \u00fanicos que han sido<\/strong>\u00a0transformados de copaiba al\u00a0estado s\u00f3lido o semis\u00f3lido, ofreciendo as\u00ed las propiedades de la copaiba en los siguientes productos:<\/p>\t\t\t\t\t\t\t\t<\/div>\n\t\t\t\t<\/div>\n\t\t\t\t<\/div>\n\t\t\t\t\t<\/div>\n\t\t\t\t<\/div>\n\t\t\t\t\t<\/div>\n\t\t\t\t<\/div>\n\t\t<div class=\"elementor-element elementor-element-10c6ca2 e-flex e-con-boxed e-con e-parent\" data-id=\"10c6ca2\" data-element_type=\"container\">\n\t\t\t\t\t<div class=\"e-con-inner\">\n\t\t<div class=\"elementor-element elementor-element-63db01a e-con-full e-flex e-con e-child\" data-id=\"63db01a\" data-element_type=\"container\">\n\t\t\t\t<div class=\"elementor-element elementor-element-23e104e elementor-widget elementor-widget-image\" data-id=\"23e104e\" data-element_type=\"widget\" data-widget_type=\"image.default\">\n\t\t\t\t<div class=\"elementor-widget-container\">\n\t\t\t\t\t\t\t\t\t\t\t\t\t\t\t\t<a href=\"https:\/\/vitacopaiba.com\/producto\/jabon-natural-2\/\">\n\t\t\t\t\t\t\t<img decoding=\"async\" width=\"371\" height=\"371\" src=\"https:\/\/vitacopaiba.com\/wp-content\/uploads\/2024\/01\/Recurso-95.png\" class=\"elementor-animation-grow attachment-large size-large wp-image-316\" alt=\"\" srcset=\"https:\/\/vitacopaiba.com\/wp-content\/uploads\/2024\/01\/Recurso-95.png 371w, https:\/\/vitacopaiba.com\/wp-content\/uploads\/2024\/01\/Recurso-95-300x300.png 300w, https:\/\/vitacopaiba.com\/wp-content\/uploads\/2024\/01\/Recurso-95-150x150.png 150w, https:\/\/vitacopaiba.com\/wp-content\/uploads\/2024\/01\/Recurso-95-100x100.png 100w\" sizes=\"(max-width: 371px) 100vw, 371px\" \/>\t\t\t\t\t\t\t\t<\/a>\n\t\t\t\t\t\t\t\t\t\t\t\t\t\t\t<\/div>\n\t\t\t\t<\/div>\n\t\t\t\t<\/div>\n\t\t<div class=\"elementor-element elementor-element-7398e40 e-con-full e-flex e-con e-child\" data-id=\"7398e40\" data-element_type=\"container\">\n\t\t\t\t<div class=\"elementor-element elementor-element-0dab3d8 elementor-widget elementor-widget-image\" data-id=\"0dab3d8\" data-element_type=\"widget\" data-widget_type=\"image.default\">\n\t\t\t\t<div class=\"elementor-widget-container\">\n\t\t\t\t\t\t\t\t\t\t\t\t\t\t\t\t<a href=\"https:\/\/vitacopaiba.com\/producto\/hidratante-labial\/\">\n\t\t\t\t\t\t\t<img loading=\"lazy\" decoding=\"async\" width=\"421\" height=\"421\" src=\"https:\/\/vitacopaiba.com\/wp-content\/uploads\/2024\/01\/Recurso-97.png\" class=\"elementor-animation-grow attachment-large size-large wp-image-320\" alt=\"\" srcset=\"https:\/\/vitacopaiba.com\/wp-content\/uploads\/2024\/01\/Recurso-97.png 421w, https:\/\/vitacopaiba.com\/wp-content\/uploads\/2024\/01\/Recurso-97-300x300.png 300w, https:\/\/vitacopaiba.com\/wp-content\/uploads\/2024\/01\/Recurso-97-150x150.png 150w, https:\/\/vitacopaiba.com\/wp-content\/uploads\/2024\/01\/Recurso-97-100x100.png 100w\" sizes=\"(max-width: 421px) 100vw, 421px\" \/>\t\t\t\t\t\t\t\t<\/a>\n\t\t\t\t\t\t\t\t\t\t\t\t\t\t\t<\/div>\n\t\t\t\t<\/div>\n\t\t\t\t<\/div>\n\t\t<div class=\"elementor-element elementor-element-7e5548d e-con-full e-flex e-con e-child\" data-id=\"7e5548d\" data-element_type=\"container\">\n\t\t\t\t<div class=\"elementor-element elementor-element-0d79e9c elementor-widget elementor-widget-image\" data-id=\"0d79e9c\" data-element_type=\"widget\" data-widget_type=\"image.default\">\n\t\t\t\t<div class=\"elementor-widget-container\">\n\t\t\t\t\t\t\t\t\t\t\t\t\t\t\t\t<a href=\"https:\/\/vitacopaiba.com\/producto\/balsamo-2\/\">\n\t\t\t\t\t\t\t<img loading=\"lazy\" decoding=\"async\" width=\"421\" height=\"421\" src=\"https:\/\/vitacopaiba.com\/wp-content\/uploads\/2024\/01\/Recurso-98.png\" class=\"elementor-animation-grow attachment-large size-large wp-image-322\" alt=\"\" srcset=\"https:\/\/vitacopaiba.com\/wp-content\/uploads\/2024\/01\/Recurso-98.png 421w, https:\/\/vitacopaiba.com\/wp-content\/uploads\/2024\/01\/Recurso-98-300x300.png 300w, https:\/\/vitacopaiba.com\/wp-content\/uploads\/2024\/01\/Recurso-98-150x150.png 150w, https:\/\/vitacopaiba.com\/wp-content\/uploads\/2024\/01\/Recurso-98-100x100.png 100w\" sizes=\"(max-width: 421px) 100vw, 421px\" \/>\t\t\t\t\t\t\t\t<\/a>\n\t\t\t\t\t\t\t\t\t\t\t\t\t\t\t<\/div>\n\t\t\t\t<\/div>\n\t\t\t\t<\/div>\n\t\t<div class=\"elementor-element elementor-element-b78ff97 e-con-full e-flex e-con e-child\" data-id=\"b78ff97\" data-element_type=\"container\">\n\t\t\t\t<div class=\"elementor-element elementor-element-f36401b elementor-widget elementor-widget-image\" data-id=\"f36401b\" data-element_type=\"widget\" data-widget_type=\"image.default\">\n\t\t\t\t<div class=\"elementor-widget-container\">\n\t\t\t\t\t\t\t\t\t\t\t\t\t\t\t\t<a href=\"https:\/\/vitacopaiba.com\/producto\/crema-hidratante-2\/\">\n\t\t\t\t\t\t\t<img loading=\"lazy\" decoding=\"async\" width=\"421\" height=\"426\" src=\"https:\/\/vitacopaiba.com\/wp-content\/uploads\/2024\/01\/Recurso-99.png\" class=\"elementor-animation-grow attachment-large size-large wp-image-324\" alt=\"\" srcset=\"https:\/\/vitacopaiba.com\/wp-content\/uploads\/2024\/01\/Recurso-99.png 421w, https:\/\/vitacopaiba.com\/wp-content\/uploads\/2024\/01\/Recurso-99-296x300.png 296w, https:\/\/vitacopaiba.com\/wp-content\/uploads\/2024\/01\/Recurso-99-100x100.png 100w\" sizes=\"(max-width: 421px) 100vw, 421px\" \/>\t\t\t\t\t\t\t\t<\/a>\n\t\t\t\t\t\t\t\t\t\t\t\t\t\t\t<\/div>\n\t\t\t\t<\/div>\n\t\t\t\t<\/div>\n\t\t\t\t\t<\/div>\n\t\t\t\t<\/div>\n\t\t<div class=\"elementor-element elementor-element-0fe4103 e-flex e-con-boxed e-con e-parent\" data-id=\"0fe4103\" data-element_type=\"container\">\n\t\t\t\t\t<div class=\"e-con-inner\">\n\t\t<div class=\"elementor-element elementor-element-5ba4961 e-con-full e-flex e-con e-child\" data-id=\"5ba4961\" data-element_type=\"container\">\n\t\t\t\t<div class=\"elementor-element elementor-element-f76bc25 elementor-widget elementor-widget-heading\" data-id=\"f76bc25\" data-element_type=\"widget\" data-widget_type=\"heading.default\">\n\t\t\t\t<div class=\"elementor-widget-container\">\n\t\t\t\t\t<h2 class=\"elementor-heading-title elementor-size-default\">Jab\u00f3n natural<\/h2>\t\t\t\t<\/div>\n\t\t\t\t<\/div>\n\t\t\t\t<div class=\"elementor-element elementor-element-0fe9c13 elementor-widget elementor-widget-heading\" data-id=\"0fe9c13\" data-element_type=\"widget\" data-widget_type=\"heading.default\">\n\t\t\t\t<div class=\"elementor-widget-container\">\n\t\t\t\t\t<h3 class=\"elementor-heading-title elementor-size-default\">$ 12.000<\/h3>\t\t\t\t<\/div>\n\t\t\t\t<\/div>\n\t\t\t\t<\/div>\n\t\t<div class=\"elementor-element elementor-element-fddd5da e-con-full e-flex e-con e-child\" data-id=\"fddd5da\" data-element_type=\"container\">\n\t\t\t\t<div class=\"elementor-element elementor-element-c3e5c03 elementor-widget elementor-widget-heading\" data-id=\"c3e5c03\" data-element_type=\"widget\" data-widget_type=\"heading.default\">\n\t\t\t\t<div class=\"elementor-widget-container\">\n\t\t\t\t\t<h2 class=\"elementor-heading-title elementor-size-default\">Hidratante labial<\/h2>\t\t\t\t<\/div>\n\t\t\t\t<\/div>\n\t\t\t\t<div class=\"elementor-element elementor-element-928e343 elementor-widget elementor-widget-heading\" data-id=\"928e343\" data-element_type=\"widget\" data-widget_type=\"heading.default\">\n\t\t\t\t<div class=\"elementor-widget-container\">\n\t\t\t\t\t<h3 class=\"elementor-heading-title elementor-size-default\">$ 15.000<\/h3>\t\t\t\t<\/div>\n\t\t\t\t<\/div>\n\t\t\t\t<\/div>\n\t\t<div class=\"elementor-element elementor-element-e2894db e-con-full e-flex e-con e-child\" data-id=\"e2894db\" data-element_type=\"container\">\n\t\t\t\t<div class=\"elementor-element elementor-element-3925a3d elementor-widget elementor-widget-heading\" data-id=\"3925a3d\" data-element_type=\"widget\" data-widget_type=\"heading.default\">\n\t\t\t\t<div class=\"elementor-widget-container\">\n\t\t\t\t\t<h2 class=\"elementor-heading-title elementor-size-default\">Balsamo Copaiba<\/h2>\t\t\t\t<\/div>\n\t\t\t\t<\/div>\n\t\t\t\t<div class=\"elementor-element elementor-element-ca9b395 elementor-widget elementor-widget-heading\" data-id=\"ca9b395\" data-element_type=\"widget\" data-widget_type=\"heading.default\">\n\t\t\t\t<div class=\"elementor-widget-container\">\n\t\t\t\t\t<h3 class=\"elementor-heading-title elementor-size-default\">$ 30.000<\/h3>\t\t\t\t<\/div>\n\t\t\t\t<\/div>\n\t\t\t\t<\/div>\n\t\t<div class=\"elementor-element elementor-element-d5dd042 e-con-full e-flex e-con e-child\" data-id=\"d5dd042\" data-element_type=\"container\">\n\t\t\t\t<div class=\"elementor-element elementor-element-4d86600 elementor-widget elementor-widget-heading\" data-id=\"4d86600\" data-element_type=\"widget\" data-widget_type=\"heading.default\">\n\t\t\t\t<div class=\"elementor-widget-container\">\n\t\t\t\t\t<h2 class=\"elementor-heading-title elementor-size-default\">Crema Hidratante<\/h2>\t\t\t\t<\/div>\n\t\t\t\t<\/div>\n\t\t\t\t<div class=\"elementor-element elementor-element-9fa698f elementor-widget elementor-widget-heading\" data-id=\"9fa698f\" data-element_type=\"widget\" data-widget_type=\"heading.default\">\n\t\t\t\t<div class=\"elementor-widget-container\">\n\t\t\t\t\t<h3 class=\"elementor-heading-title elementor-size-default\">$ 30.000<\/h3>\t\t\t\t<\/div>\n\t\t\t\t<\/div>\n\t\t\t\t<\/div>\n\t\t\t\t\t<\/div>\n\t\t\t\t<\/div>\n\t\t\t\t<\/div>\n\t\t","protected":false},"excerpt":{"rendered":"<p>La l\u00ednea cosm\u00e9tica\u00a0Terra\u00a0est\u00e1 conformada por productos \u00fanicos que han sido\u00a0transformados de copaiba al\u00a0estado s\u00f3lido o semis\u00f3lido, ofreciendo as\u00ed las propiedades de la copaiba en los siguientes productos: Jab\u00f3n natural $ 12.000 Hidratante labial $ 15.000 Balsamo Copaiba $ 30.000 Crema Hidratante $ 30.000<\/p>\n","protected":false},"author":1,"featured_media":0,"parent":0,"menu_order":0,"comment_status":"closed","ping_status":"closed","template":"","meta":{"footnotes":""},"class_list":["post-87","page","type-page","status-publish","hentry","entry","wvn-thumbs-layout-horizontal","wvn-btn-normal","wvn-tabs-layout-horizontal","has-no-thumbnails"],"_links":{"self":[{"href":"https:\/\/vitacopaiba.com\/wp-json\/wp\/v2\/pages\/87","targetHints":{"allow":["GET"]}}],"collection":[{"href":"https:\/\/vitacopaiba.com\/wp-json\/wp\/v2\/pages"}],"about":[{"href":"https:\/\/vitacopaiba.com\/wp-json\/wp\/v2\/types\/page"}],"author":[{"embeddable":true,"href":"https:\/\/vitacopaiba.com\/wp-json\/wp\/v2\/users\/1"}],"replies":[{"embeddable":true,"href":"https:\/\/vitacopaiba.com\/wp-json\/wp\/v2\/comments?post=87"}],"version-history":[{"count":10,"href":"https:\/\/vitacopaiba.com\/wp-json\/wp\/v2\/pages\/87\/revisions"}],"predecessor-version":[{"id":436,"href":"https:\/\/vitacopaiba.com\/wp-json\/wp\/v2\/pages\/87\/revisions\/436"}],"wp:attachment":[{"href":"https:\/\/vitacopaiba.com\/wp-json\/wp\/v2\/media?parent=87"}],"curies":[{"name":"wp","href":"https:\/\/api.w.org\/{rel}","templated":true}]}}