{"id":89,"date":"2024-01-18T12:16:52","date_gmt":"2024-01-18T17:16:52","guid":{"rendered":"https:\/\/vitacopaiba.com\/?page_id=89"},"modified":"2024-03-05T11:52:58","modified_gmt":"2024-03-05T16:52:58","slug":"linea-essentia","status":"publish","type":"page","link":"https:\/\/vitacopaiba.com\/linea-essentia\/","title":{"rendered":"L\u00ednea Essentia"},"content":{"rendered":"\t\t<div data-elementor-type=\"wp-page\" data-elementor-id=\"89\" class=\"elementor elementor-89\">\n\t\t\t\t<div class=\"elementor-element elementor-element-fce5f7f e-flex e-con-boxed e-con e-parent\" data-id=\"fce5f7f\" data-element_type=\"container\">\n\t\t\t\t\t<div class=\"e-con-inner\">\n\t\t<div class=\"elementor-element elementor-element-a891eba e-flex e-con-boxed e-con e-child\" data-id=\"a891eba\" data-element_type=\"container\">\n\t\t\t\t\t<div class=\"e-con-inner\">\n\t\t\t\t<div class=\"elementor-element elementor-element-00621c5 elementor-widget elementor-widget-image\" data-id=\"00621c5\" data-element_type=\"widget\" data-widget_type=\"image.default\">\n\t\t\t\t<div class=\"elementor-widget-container\">\n\t\t\t\t\t\t\t\t\t\t\t\t\t\t\t<img decoding=\"async\" width=\"1024\" height=\"44\" src=\"https:\/\/vitacopaiba.com\/wp-content\/uploads\/2024\/01\/Recurso-104-1024x44.png\" class=\"attachment-large size-large wp-image-330\" alt=\"\" srcset=\"https:\/\/vitacopaiba.com\/wp-content\/uploads\/2024\/01\/Recurso-104-1024x44.png 1024w, https:\/\/vitacopaiba.com\/wp-content\/uploads\/2024\/01\/Recurso-104-300x13.png 300w, https:\/\/vitacopaiba.com\/wp-content\/uploads\/2024\/01\/Recurso-104-768x33.png 768w, https:\/\/vitacopaiba.com\/wp-content\/uploads\/2024\/01\/Recurso-104-600x26.png 600w, https:\/\/vitacopaiba.com\/wp-content\/uploads\/2024\/01\/Recurso-104.png 1397w\" sizes=\"(max-width: 1024px) 100vw, 1024px\" \/>\t\t\t\t\t\t\t\t\t\t\t\t\t\t\t<\/div>\n\t\t\t\t<\/div>\n\t\t\t\t\t<\/div>\n\t\t\t\t<\/div>\n\t\t\t\t\t<\/div>\n\t\t\t\t<\/div>\n\t\t<div class=\"elementor-element elementor-element-796681a e-flex e-con-boxed e-con e-parent\" data-id=\"796681a\" data-element_type=\"container\">\n\t\t\t\t\t<div class=\"e-con-inner\">\n\t\t<div class=\"elementor-element elementor-element-e8ba52a e-flex e-con-boxed e-con e-child\" data-id=\"e8ba52a\" data-element_type=\"container\">\n\t\t\t\t\t<div class=\"e-con-inner\">\n\t\t<div class=\"elementor-element elementor-element-14cdb67 e-flex e-con-boxed e-con e-child\" data-id=\"14cdb67\" data-element_type=\"container\">\n\t\t\t\t\t<div class=\"e-con-inner\">\n\t\t<div class=\"elementor-element elementor-element-c594ea7 e-con-full e-flex e-con e-child\" data-id=\"c594ea7\" data-element_type=\"container\">\n\t\t\t\t<div class=\"elementor-element elementor-element-4bdebb3 elementor-widget elementor-widget-image\" data-id=\"4bdebb3\" data-element_type=\"widget\" data-widget_type=\"image.default\">\n\t\t\t\t<div class=\"elementor-widget-container\">\n\t\t\t\t\t\t\t\t\t\t\t\t\t\t\t<img fetchpriority=\"high\" decoding=\"async\" width=\"232\" height=\"358\" src=\"https:\/\/vitacopaiba.com\/wp-content\/uploads\/2024\/01\/Recurso-102.png\" class=\"attachment-full size-full wp-image-332\" alt=\"\" srcset=\"https:\/\/vitacopaiba.com\/wp-content\/uploads\/2024\/01\/Recurso-102.png 232w, https:\/\/vitacopaiba.com\/wp-content\/uploads\/2024\/01\/Recurso-102-194x300.png 194w\" sizes=\"(max-width: 232px) 100vw, 232px\" \/>\t\t\t\t\t\t\t\t\t\t\t\t\t\t\t<\/div>\n\t\t\t\t<\/div>\n\t\t\t\t<\/div>\n\t\t<div class=\"elementor-element elementor-element-bf80626 e-con-full e-flex e-con e-child\" data-id=\"bf80626\" data-element_type=\"container\">\n\t\t\t\t<div class=\"elementor-element elementor-element-62f0812 elementor-widget elementor-widget-text-editor\" data-id=\"62f0812\" data-element_type=\"widget\" data-widget_type=\"text-editor.default\">\n\t\t\t\t<div class=\"elementor-widget-container\">\n\t\t\t\t\t\t\t\t\t<p><strong>La l\u00ednea cosm\u00e9tica\u00a0Essentia\u00a0se compone de productos\u00a0<\/strong>\u00a0a base de Copaiba, que\u00a0 han sido transformados en estado s\u00f3lido.<\/p><p>Nuestro producto <strong>Mihai<\/strong> es un distensionante natural,\u00a0que ayuda a relajar varias zonas del cuerpo. Se debe aplicar en las mu\u00f1ecas, en la sien, cuello y dem\u00e1s zonas corporales que se tensionan a causa del estr\u00e9s.<\/p>\t\t\t\t\t\t\t\t<\/div>\n\t\t\t\t<\/div>\n\t\t\t\t<\/div>\n\t\t\t\t\t<\/div>\n\t\t\t\t<\/div>\n\t\t\t\t\t<\/div>\n\t\t\t\t<\/div>\n\t\t\t\t\t<\/div>\n\t\t\t\t<\/div>\n\t\t<div class=\"elementor-element elementor-element-ca18f02 e-flex e-con-boxed e-con e-parent\" data-id=\"ca18f02\" data-element_type=\"container\">\n\t\t\t\t\t<div class=\"e-con-inner\">\n\t\t<div class=\"elementor-element elementor-element-956bf05 e-flex e-con-boxed e-con e-child\" data-id=\"956bf05\" data-element_type=\"container\">\n\t\t\t\t\t<div class=\"e-con-inner\">\n\t\t<div class=\"elementor-element elementor-element-cf2ba65 e-con-full e-flex e-con e-child\" data-id=\"cf2ba65\" data-element_type=\"container\">\n\t\t\t\t<div class=\"elementor-element elementor-element-7afbf04 elementor-widget elementor-widget-image\" data-id=\"7afbf04\" data-element_type=\"widget\" data-widget_type=\"image.default\">\n\t\t\t\t<div class=\"elementor-widget-container\">\n\t\t\t\t\t\t\t\t\t\t\t\t\t\t\t\t<a href=\"https:\/\/vitacopaiba.com\/categoria-producto\/lineaessentia\/\">\n\t\t\t\t\t\t\t<img decoding=\"async\" width=\"421\" height=\"421\" src=\"https:\/\/vitacopaiba.com\/wp-content\/uploads\/2024\/01\/mihai_5ml.png\" class=\"elementor-animation-grow attachment-large size-large wp-image-371\" alt=\"\" srcset=\"https:\/\/vitacopaiba.com\/wp-content\/uploads\/2024\/01\/mihai_5ml.png 421w, https:\/\/vitacopaiba.com\/wp-content\/uploads\/2024\/01\/mihai_5ml-300x300.png 300w, https:\/\/vitacopaiba.com\/wp-content\/uploads\/2024\/01\/mihai_5ml-150x150.png 150w, https:\/\/vitacopaiba.com\/wp-content\/uploads\/2024\/01\/mihai_5ml-100x100.png 100w\" sizes=\"(max-width: 421px) 100vw, 421px\" \/>\t\t\t\t\t\t\t\t<\/a>\n\t\t\t\t\t\t\t\t\t\t\t\t\t\t\t<\/div>\n\t\t\t\t<\/div>\n\t\t\t\t<\/div>\n\t\t\t\t\t<\/div>\n\t\t\t\t<\/div>\n\t\t\t\t\t<\/div>\n\t\t\t\t<\/div>\n\t\t<div class=\"elementor-element elementor-element-5f9873b e-flex e-con-boxed e-con e-parent\" data-id=\"5f9873b\" data-element_type=\"container\">\n\t\t\t\t\t<div class=\"e-con-inner\">\n\t\t<div class=\"elementor-element elementor-element-fb4310f e-flex e-con-boxed e-con e-child\" data-id=\"fb4310f\" data-element_type=\"container\">\n\t\t\t\t\t<div class=\"e-con-inner\">\n\t\t<div class=\"elementor-element elementor-element-157fdc6 e-con-full e-flex e-con e-child\" data-id=\"157fdc6\" data-element_type=\"container\">\n\t\t\t\t<div class=\"elementor-element elementor-element-e8b1de0 elementor-widget elementor-widget-heading\" data-id=\"e8b1de0\" data-element_type=\"widget\" data-widget_type=\"heading.default\">\n\t\t\t\t<div class=\"elementor-widget-container\">\n\t\t\t\t\t<h2 class=\"elementor-heading-title elementor-size-default\">Mihai<\/h2>\t\t\t\t<\/div>\n\t\t\t\t<\/div>\n\t\t\t\t<div class=\"elementor-element elementor-element-3fee338 elementor-widget elementor-widget-heading\" data-id=\"3fee338\" data-element_type=\"widget\" data-widget_type=\"heading.default\">\n\t\t\t\t<div class=\"elementor-widget-container\">\n\t\t\t\t\t<h3 class=\"elementor-heading-title elementor-size-default\">$ 30.000 - $ 50.000<\/h3>\t\t\t\t<\/div>\n\t\t\t\t<\/div>\n\t\t\t\t<\/div>\n\t\t\t\t\t<\/div>\n\t\t\t\t<\/div>\n\t\t\t\t\t<\/div>\n\t\t\t\t<\/div>\n\t\t\t\t<\/div>\n\t\t","protected":false},"excerpt":{"rendered":"<p>La l\u00ednea cosm\u00e9tica\u00a0Essentia\u00a0se compone de productos\u00a0\u00a0a base de Copaiba, que\u00a0 han sido transformados en estado s\u00f3lido. Nuestro producto Mihai es un distensionante natural,\u00a0que ayuda a relajar varias zonas del cuerpo. Se debe aplicar en las mu\u00f1ecas, en la sien, cuello y dem\u00e1s zonas corporales que se tensionan a causa del estr\u00e9s. Mihai $ 30.000 &#8211; [&hellip;]<\/p>\n","protected":false},"author":1,"featured_media":0,"parent":0,"menu_order":0,"comment_status":"closed","ping_status":"closed","template":"","meta":{"footnotes":""},"class_list":["post-89","page","type-page","status-publish","hentry","entry","wvn-thumbs-layout-horizontal","wvn-btn-normal","wvn-tabs-layout-horizontal","has-no-thumbnails"],"_links":{"self":[{"href":"https:\/\/vitacopaiba.com\/wp-json\/wp\/v2\/pages\/89","targetHints":{"allow":["GET"]}}],"collection":[{"href":"https:\/\/vitacopaiba.com\/wp-json\/wp\/v2\/pages"}],"about":[{"href":"https:\/\/vitacopaiba.com\/wp-json\/wp\/v2\/types\/page"}],"author":[{"embeddable":true,"href":"https:\/\/vitacopaiba.com\/wp-json\/wp\/v2\/users\/1"}],"replies":[{"embeddable":true,"href":"https:\/\/vitacopaiba.com\/wp-json\/wp\/v2\/comments?post=89"}],"version-history":[{"count":16,"href":"https:\/\/vitacopaiba.com\/wp-json\/wp\/v2\/pages\/89\/revisions"}],"predecessor-version":[{"id":439,"href":"https:\/\/vitacopaiba.com\/wp-json\/wp\/v2\/pages\/89\/revisions\/439"}],"wp:attachment":[{"href":"https:\/\/vitacopaiba.com\/wp-json\/wp\/v2\/media?parent=89"}],"curies":[{"name":"wp","href":"https:\/\/api.w.org\/{rel}","templated":true}]}}