{"id":98,"date":"2024-01-18T12:20:45","date_gmt":"2024-01-18T17:20:45","guid":{"rendered":"https:\/\/vitacopaiba.com\/?page_id=98"},"modified":"2024-01-18T16:35:41","modified_gmt":"2024-01-18T21:35:41","slug":"contactenos","status":"publish","type":"page","link":"https:\/\/vitacopaiba.com\/contactenos\/","title":{"rendered":"Cont\u00e1ctenos"},"content":{"rendered":"\t\t<div data-elementor-type=\"wp-page\" data-elementor-id=\"98\" class=\"elementor elementor-98\">\n\t\t\t\t<div class=\"elementor-element elementor-element-8b9c4a3 e-flex e-con-boxed e-con e-parent\" data-id=\"8b9c4a3\" data-element_type=\"container\">\n\t\t\t\t\t<div class=\"e-con-inner\">\n\t\t<div class=\"elementor-element elementor-element-05aaafd e-flex e-con-boxed e-con e-child\" data-id=\"05aaafd\" data-element_type=\"container\">\n\t\t\t\t\t<div class=\"e-con-inner\">\n\t\t<div class=\"elementor-element elementor-element-a454c98 e-flex e-con-boxed e-con e-child\" data-id=\"a454c98\" data-element_type=\"container\">\n\t\t\t\t\t<div class=\"e-con-inner\">\n\t\t<div class=\"elementor-element elementor-element-167a896 e-flex e-con-boxed e-con e-child\" data-id=\"167a896\" data-element_type=\"container\">\n\t\t\t\t\t<div class=\"e-con-inner\">\n\t\t\t\t<div class=\"elementor-element elementor-element-21a6ef2 elementor-widget elementor-widget-heading\" data-id=\"21a6ef2\" data-element_type=\"widget\" data-widget_type=\"heading.default\">\n\t\t\t\t<div class=\"elementor-widget-container\">\n\t\t\t\t\t<h1 class=\"elementor-heading-title elementor-size-default\">Cont\u00e1ctanos<\/h1>\t\t\t\t<\/div>\n\t\t\t\t<\/div>\n\t\t\t\t\t<\/div>\n\t\t\t\t<\/div>\n\t\t\t\t\t<\/div>\n\t\t\t\t<\/div>\n\t\t\t\t\t<\/div>\n\t\t\t\t<\/div>\n\t\t\t\t\t<\/div>\n\t\t\t\t<\/div>\n\t\t<div class=\"elementor-element elementor-element-45e842e e-flex e-con-boxed e-con e-parent\" data-id=\"45e842e\" data-element_type=\"container\">\n\t\t\t\t\t<div class=\"e-con-inner\">\n\t\t<div class=\"elementor-element elementor-element-3430534 e-flex e-con-boxed e-con e-child\" data-id=\"3430534\" data-element_type=\"container\">\n\t\t\t\t\t<div class=\"e-con-inner\">\n\t\t<div class=\"elementor-element elementor-element-0a44bfd e-con-full e-flex e-con e-child\" data-id=\"0a44bfd\" data-element_type=\"container\">\n\t\t\t\t<div class=\"elementor-element elementor-element-1164485 elementor-widget elementor-widget-text-editor\" data-id=\"1164485\" data-element_type=\"widget\" data-widget_type=\"text-editor.default\">\n\t\t\t\t<div class=\"elementor-widget-container\">\n\t\t\t\t\t\t\t\t\t<p style=\"text-align: center;\">Si quieres hablar con nosotros o conocer m\u00e1s acerca de Vita Copaiba, disponemos de los siguientes canales de atenci\u00f3n:<\/p>\t\t\t\t\t\t\t\t<\/div>\n\t\t\t\t<\/div>\n\t\t\t\t<\/div>\n\t\t\t\t\t<\/div>\n\t\t\t\t<\/div>\n\t\t\t\t\t<\/div>\n\t\t\t\t<\/div>\n\t\t<div class=\"elementor-element elementor-element-459ab0b e-flex e-con-boxed e-con e-parent\" data-id=\"459ab0b\" data-element_type=\"container\">\n\t\t\t\t\t<div class=\"e-con-inner\">\n\t\t<div class=\"elementor-element elementor-element-1a25569 e-con-full e-flex e-con e-child\" data-id=\"1a25569\" data-element_type=\"container\">\n\t\t\t\t<div class=\"elementor-element elementor-element-a6c13d3 elementor-widget elementor-widget-image\" data-id=\"a6c13d3\" data-element_type=\"widget\" data-widget_type=\"image.default\">\n\t\t\t\t<div class=\"elementor-widget-container\">\n\t\t\t\t\t\t\t\t\t\t\t\t\t\t\t<img decoding=\"async\" src=\"https:\/\/vitacopaiba.com\/wp-content\/uploads\/2024\/01\/Recurso-92.png\" title=\"Recurso 92\" alt=\"Recurso 92\" class=\"elementor-animation-grow\" loading=\"lazy\" \/>\t\t\t\t\t\t\t\t\t\t\t\t\t\t\t<\/div>\n\t\t\t\t<\/div>\n\t\t\t\t<\/div>\n\t\t<div class=\"elementor-element elementor-element-a32b53f e-con-full e-flex e-con e-child\" data-id=\"a32b53f\" data-element_type=\"container\">\n\t\t\t\t<div class=\"elementor-element elementor-element-1a01a08 elementor-widget elementor-widget-image\" data-id=\"1a01a08\" data-element_type=\"widget\" data-widget_type=\"image.default\">\n\t\t\t\t<div class=\"elementor-widget-container\">\n\t\t\t\t\t\t\t\t\t\t\t\t\t\t\t<img fetchpriority=\"high\" decoding=\"async\" width=\"321\" height=\"189\" src=\"https:\/\/vitacopaiba.com\/wp-content\/uploads\/2024\/01\/Recurso-93.png\" class=\"elementor-animation-grow attachment-large size-large wp-image-242\" alt=\"\" srcset=\"https:\/\/vitacopaiba.com\/wp-content\/uploads\/2024\/01\/Recurso-93.png 321w, https:\/\/vitacopaiba.com\/wp-content\/uploads\/2024\/01\/Recurso-93-300x177.png 300w\" sizes=\"(max-width: 321px) 100vw, 321px\" \/>\t\t\t\t\t\t\t\t\t\t\t\t\t\t\t<\/div>\n\t\t\t\t<\/div>\n\t\t\t\t<\/div>\n\t\t<div class=\"elementor-element elementor-element-04145f7 e-con-full e-flex e-con e-child\" data-id=\"04145f7\" data-element_type=\"container\">\n\t\t\t\t<div class=\"elementor-element elementor-element-10cbe8e elementor-widget elementor-widget-image\" data-id=\"10cbe8e\" data-element_type=\"widget\" data-widget_type=\"image.default\">\n\t\t\t\t<div class=\"elementor-widget-container\">\n\t\t\t\t\t\t\t\t\t\t\t\t\t\t\t<img decoding=\"async\" width=\"321\" height=\"186\" src=\"https:\/\/vitacopaiba.com\/wp-content\/uploads\/2024\/01\/Recurso-94.png\" class=\"elementor-animation-grow attachment-large size-large wp-image-243\" alt=\"\" srcset=\"https:\/\/vitacopaiba.com\/wp-content\/uploads\/2024\/01\/Recurso-94.png 321w, https:\/\/vitacopaiba.com\/wp-content\/uploads\/2024\/01\/Recurso-94-300x174.png 300w\" sizes=\"(max-width: 321px) 100vw, 321px\" \/>\t\t\t\t\t\t\t\t\t\t\t\t\t\t\t<\/div>\n\t\t\t\t<\/div>\n\t\t\t\t<\/div>\n\t\t\t\t\t<\/div>\n\t\t\t\t<\/div>\n\t\t<div class=\"elementor-element elementor-element-4a796d2 e-flex e-con-boxed e-con e-parent\" data-id=\"4a796d2\" data-element_type=\"container\">\n\t\t\t\t\t<div class=\"e-con-inner\">\n\t\t<div class=\"elementor-element elementor-element-4010823 e-con-full e-flex e-con e-child\" data-id=\"4010823\" data-element_type=\"container\">\n\t\t\t\t<div class=\"elementor-element elementor-element-321efce elementor-widget elementor-widget-heading\" data-id=\"321efce\" data-element_type=\"widget\" data-widget_type=\"heading.default\">\n\t\t\t\t<div class=\"elementor-widget-container\">\n\t\t\t\t\t<h2 class=\"elementor-heading-title elementor-size-default\">\ncalle 23\u00aa # 24 - 08 Yopal, Casanare.\n<\/h2>\t\t\t\t<\/div>\n\t\t\t\t<\/div>\n\t\t\t\t<\/div>\n\t\t<div class=\"elementor-element elementor-element-34b5667 e-con-full e-flex e-con e-child\" data-id=\"34b5667\" data-element_type=\"container\">\n\t\t\t\t<div class=\"elementor-element elementor-element-1b61dd8 elementor-widget elementor-widget-google_maps\" data-id=\"1b61dd8\" data-element_type=\"widget\" data-widget_type=\"google_maps.default\">\n\t\t\t\t<div class=\"elementor-widget-container\">\n\t\t\t\t\t\t\t<div class=\"elementor-custom-embed\">\n\t\t\t<iframe loading=\"lazy\"\n\t\t\t\t\tsrc=\"https:\/\/maps.google.com\/maps?q=calle%2023%20%23%2024%20-%2008%20Yopal%2C%20Casanare&#038;t=m&#038;z=10&#038;output=embed&#038;iwloc=near\"\n\t\t\t\t\ttitle=\"calle 23 # 24 - 08 Yopal, Casanare\"\n\t\t\t\t\taria-label=\"calle 23 # 24 - 08 Yopal, Casanare\"\n\t\t\t><\/iframe>\n\t\t<\/div>\n\t\t\t\t\t\t<\/div>\n\t\t\t\t<\/div>\n\t\t\t\t<\/div>\n\t\t\t\t\t<\/div>\n\t\t\t\t<\/div>\n\t\t\t\t<\/div>\n\t\t","protected":false},"excerpt":{"rendered":"<p>Cont\u00e1ctanos Si quieres hablar con nosotros o conocer m\u00e1s acerca de Vita Copaiba, disponemos de los siguientes canales de atenci\u00f3n: calle 23\u00aa # 24 &#8211; 08 Yopal, Casanare.<\/p>\n","protected":false},"author":1,"featured_media":0,"parent":0,"menu_order":0,"comment_status":"closed","ping_status":"closed","template":"","meta":{"footnotes":""},"class_list":["post-98","page","type-page","status-publish","hentry","entry","wvn-thumbs-layout-horizontal","wvn-btn-normal","wvn-tabs-layout-horizontal","has-no-thumbnails"],"_links":{"self":[{"href":"https:\/\/vitacopaiba.com\/wp-json\/wp\/v2\/pages\/98","targetHints":{"allow":["GET"]}}],"collection":[{"href":"https:\/\/vitacopaiba.com\/wp-json\/wp\/v2\/pages"}],"about":[{"href":"https:\/\/vitacopaiba.com\/wp-json\/wp\/v2\/types\/page"}],"author":[{"embeddable":true,"href":"https:\/\/vitacopaiba.com\/wp-json\/wp\/v2\/users\/1"}],"replies":[{"embeddable":true,"href":"https:\/\/vitacopaiba.com\/wp-json\/wp\/v2\/comments?post=98"}],"version-history":[{"count":13,"href":"https:\/\/vitacopaiba.com\/wp-json\/wp\/v2\/pages\/98\/revisions"}],"predecessor-version":[{"id":255,"href":"https:\/\/vitacopaiba.com\/wp-json\/wp\/v2\/pages\/98\/revisions\/255"}],"wp:attachment":[{"href":"https:\/\/vitacopaiba.com\/wp-json\/wp\/v2\/media?parent=98"}],"curies":[{"name":"wp","href":"https:\/\/api.w.org\/{rel}","templated":true}]}}