{"id":315,"date":"2024-01-19T10:14:39","date_gmt":"2024-01-19T15:14:39","guid":{"rendered":"https:\/\/vitacopaiba.com\/?post_type=product&#038;p=315"},"modified":"2024-03-05T10:44:05","modified_gmt":"2024-03-05T15:44:05","slug":"jabon-natural-2","status":"publish","type":"product","link":"https:\/\/vitacopaiba.com\/producto\/jabon-natural-2\/","title":{"rendered":"Jab\u00f3n natural"},"content":{"rendered":"<p><strong>Descripci\u00f3n.<\/strong><\/p>\n<p>Creado a base de glicerina vegetal, aceite de copaiba, fragancias y colorantes naturales, es un jab\u00f3n que limpia y revitaliza la piel, dejando un aroma sutil y agradable.<\/p>\n<p><strong>Tipo de piel<\/strong><\/p>\n<p><img decoding=\"async\" class=\"alignnone size-medium wp-image-318\" src=\"https:\/\/vitacopaiba.com\/wp-content\/uploads\/2024\/01\/Recurso-96-300x56.png\" alt=\"\" width=\"300\" height=\"56\" srcset=\"https:\/\/vitacopaiba.com\/wp-content\/uploads\/2024\/01\/Recurso-96-300x56.png 300w, https:\/\/vitacopaiba.com\/wp-content\/uploads\/2024\/01\/Recurso-96.png 538w\" sizes=\"(max-width: 300px) 100vw, 300px\" \/><\/p>\n<p><strong>Tama\u00f1o:<\/strong> 150gr<\/p>\n","protected":false},"excerpt":{"rendered":"<p>Descripci\u00f3n. Creado a base de glicerina vegetal, aceite de copaiba, fragancias y colorantes naturales, es un jab\u00f3n que limpia y revitaliza la piel, dejando un aroma sutil y agradable. Tipo de piel Tama\u00f1o: 150gr<\/p>\n","protected":false},"featured_media":316,"template":"","meta":[],"product_brand":[],"product_cat":[19],"product_tag":[],"class_list":{"0":"post-315","1":"product","2":"type-product","3":"status-publish","4":"has-post-thumbnail","6":"product_cat-lineaterra","7":"entry","8":"has-media","10":"first","11":"instock","12":"shipping-taxable","13":"purchasable","14":"product-type-simple","15":"col","16":"span_1_of_3","17":"wvn-content-center","18":"wvn-thumbs-layout-horizontal","19":"wvn-btn-normal","20":"wvn-tabs-layout-horizontal","21":"has-no-thumbnails"},"_links":{"self":[{"href":"https:\/\/vitacopaiba.com\/wp-json\/wp\/v2\/product\/315","targetHints":{"allow":["GET"]}}],"collection":[{"href":"https:\/\/vitacopaiba.com\/wp-json\/wp\/v2\/product"}],"about":[{"href":"https:\/\/vitacopaiba.com\/wp-json\/wp\/v2\/types\/product"}],"wp:featuredmedia":[{"embeddable":true,"href":"https:\/\/vitacopaiba.com\/wp-json\/wp\/v2\/media\/316"}],"wp:attachment":[{"href":"https:\/\/vitacopaiba.com\/wp-json\/wp\/v2\/media?parent=315"}],"wp:term":[{"taxonomy":"product_brand","embeddable":true,"href":"https:\/\/vitacopaiba.com\/wp-json\/wp\/v2\/product_brand?post=315"},{"taxonomy":"product_cat","embeddable":true,"href":"https:\/\/vitacopaiba.com\/wp-json\/wp\/v2\/product_cat?post=315"},{"taxonomy":"product_tag","embeddable":true,"href":"https:\/\/vitacopaiba.com\/wp-json\/wp\/v2\/product_tag?post=315"}],"curies":[{"name":"wp","href":"https:\/\/api.w.org\/{rel}","templated":true}]}}