{"id":319,"date":"2024-01-19T10:26:38","date_gmt":"2024-01-19T15:26:38","guid":{"rendered":"https:\/\/vitacopaiba.com\/?post_type=product&#038;p=319"},"modified":"2024-01-19T10:26:38","modified_gmt":"2024-01-19T15:26:38","slug":"hidratante-labial","status":"publish","type":"product","link":"https:\/\/vitacopaiba.com\/producto\/hidratante-labial\/","title":{"rendered":"Hidratante labial"},"content":{"rendered":"<p><strong>Descripci\u00f3n<\/strong><\/p>\n<p>Est\u00e1 creado a base de ceras naturales, aceite de copaiba, fragancias y colorantes naturales. Este b\u00e1lsamo labial es excelente para tratar labios secos y partidos.<\/p>\n<p><strong>Tama\u00f1o:<\/strong> 10g<\/p>\n","protected":false},"excerpt":{"rendered":"<p>Descripci\u00f3n Est\u00e1 creado a base de ceras naturales, aceite de copaiba, fragancias y colorantes naturales. Este b\u00e1lsamo labial es excelente para tratar labios secos y partidos. Tama\u00f1o: 10g<\/p>\n","protected":false},"featured_media":320,"template":"","meta":[],"product_brand":[],"product_cat":[19],"product_tag":[],"class_list":{"0":"post-319","1":"product","2":"type-product","3":"status-publish","4":"has-post-thumbnail","6":"product_cat-lineaterra","7":"entry","8":"has-media","10":"first","11":"instock","12":"shipping-taxable","13":"purchasable","14":"product-type-simple","15":"col","16":"span_1_of_3","17":"wvn-content-center","18":"wvn-thumbs-layout-horizontal","19":"wvn-btn-normal","20":"wvn-tabs-layout-horizontal","21":"has-no-thumbnails"},"_links":{"self":[{"href":"https:\/\/vitacopaiba.com\/wp-json\/wp\/v2\/product\/319","targetHints":{"allow":["GET"]}}],"collection":[{"href":"https:\/\/vitacopaiba.com\/wp-json\/wp\/v2\/product"}],"about":[{"href":"https:\/\/vitacopaiba.com\/wp-json\/wp\/v2\/types\/product"}],"wp:featuredmedia":[{"embeddable":true,"href":"https:\/\/vitacopaiba.com\/wp-json\/wp\/v2\/media\/320"}],"wp:attachment":[{"href":"https:\/\/vitacopaiba.com\/wp-json\/wp\/v2\/media?parent=319"}],"wp:term":[{"taxonomy":"product_brand","embeddable":true,"href":"https:\/\/vitacopaiba.com\/wp-json\/wp\/v2\/product_brand?post=319"},{"taxonomy":"product_cat","embeddable":true,"href":"https:\/\/vitacopaiba.com\/wp-json\/wp\/v2\/product_cat?post=319"},{"taxonomy":"product_tag","embeddable":true,"href":"https:\/\/vitacopaiba.com\/wp-json\/wp\/v2\/product_tag?post=319"}],"curies":[{"name":"wp","href":"https:\/\/api.w.org\/{rel}","templated":true}]}}