{"id":338,"date":"2024-01-19T11:18:22","date_gmt":"2024-01-19T16:18:22","guid":{"rendered":"https:\/\/vitacopaiba.com\/?post_type=product&#038;p=338"},"modified":"2024-03-05T12:05:53","modified_gmt":"2024-03-05T17:05:53","slug":"mihai-50-000","status":"publish","type":"product","link":"https:\/\/vitacopaiba.com\/producto\/mihai-50-000\/","title":{"rendered":"Mihai 10ml  50.000"},"content":{"rendered":"<div class=\"page\" title=\"Page 22\">\n<div class=\"layoutArea\">\n<div class=\"column\">\n<p><strong>Descripci\u00f3n<\/strong><\/p>\n<p>Mihai es una mezcla de aceites esenciales a base de Copaiba, el cual act\u00faa como un relajante natural, combatiendo stress, ansiedad, dolor de cabeza, tensi\u00f3n muscular. Su forma de uso es aplicarlo directamente en las mu\u00f1ecas, en la sien, cuello y dem\u00e1s zonas corporales tensionadas a causa del stress.<\/p>\n<\/div>\n<p><strong>Tama\u00f1o:<\/strong> 10 ml<\/p>\n<\/div>\n<\/div>\n","protected":false},"excerpt":{"rendered":"<p>Descripci\u00f3n Mihai es una mezcla de aceites esenciales a base de Copaiba, el cual act\u00faa como un relajante natural, combatiendo stress, ansiedad, dolor de cabeza, tensi\u00f3n muscular. Su forma de uso es aplicarlo directamente en las mu\u00f1ecas, en la sien, cuello y dem\u00e1s zonas corporales tensionadas a causa del stress. Tama\u00f1o: 10 ml<\/p>\n","protected":false},"featured_media":66,"template":"","meta":[],"product_brand":[],"product_cat":[20],"product_tag":[],"class_list":{"0":"post-338","1":"product","2":"type-product","3":"status-publish","4":"has-post-thumbnail","6":"product_cat-lineaessentia","7":"entry","8":"has-media","10":"first","11":"instock","12":"shipping-taxable","13":"purchasable","14":"product-type-simple","15":"col","16":"span_1_of_3","17":"wvn-content-center","18":"wvn-thumbs-layout-horizontal","19":"wvn-btn-normal","20":"wvn-tabs-layout-horizontal","21":"has-no-thumbnails"},"_links":{"self":[{"href":"https:\/\/vitacopaiba.com\/wp-json\/wp\/v2\/product\/338","targetHints":{"allow":["GET"]}}],"collection":[{"href":"https:\/\/vitacopaiba.com\/wp-json\/wp\/v2\/product"}],"about":[{"href":"https:\/\/vitacopaiba.com\/wp-json\/wp\/v2\/types\/product"}],"wp:featuredmedia":[{"embeddable":true,"href":"https:\/\/vitacopaiba.com\/wp-json\/wp\/v2\/media\/66"}],"wp:attachment":[{"href":"https:\/\/vitacopaiba.com\/wp-json\/wp\/v2\/media?parent=338"}],"wp:term":[{"taxonomy":"product_brand","embeddable":true,"href":"https:\/\/vitacopaiba.com\/wp-json\/wp\/v2\/product_brand?post=338"},{"taxonomy":"product_cat","embeddable":true,"href":"https:\/\/vitacopaiba.com\/wp-json\/wp\/v2\/product_cat?post=338"},{"taxonomy":"product_tag","embeddable":true,"href":"https:\/\/vitacopaiba.com\/wp-json\/wp\/v2\/product_tag?post=338"}],"curies":[{"name":"wp","href":"https:\/\/api.w.org\/{rel}","templated":true}]}}